{"id":735,"date":"2022-03-23T21:17:35","date_gmt":"2022-03-23T20:17:35","guid":{"rendered":"http:\/\/sesto.sklep.pl\/?post_type=product&#038;p=735"},"modified":"2025-03-18T09:25:24","modified_gmt":"2025-03-18T08:25:24","slug":"spodenki","status":"publish","type":"product","link":"https:\/\/sesto.sklep.pl\/index.php\/produkt\/spodenki\/","title":{"rendered":"Spodenki trening sublimacja"},"content":{"rendered":"<p><span id=\"MainContent_vDescriptionSEO\">Spodnie sportowe z regulowanym paskiem i wewn\u0119trznymi sznurkami z zabezpieczeniem. W jednolitych kolorach, dzi\u0119ki czemu mo\u017cesz \u0142\u0105czy\u0107 je z koszulk\u0105, kt\u00f3r\u0105 lubisz.<\/span><\/p>\n","protected":false},"excerpt":{"rendered":"<p><span id=\"MainContent_vDescriptionSEO\"><span id=\"MainContent_vDescription\">Kr\u00f3tkie spodenki sportowe z elastycznym \u015bci\u0105gaczem w pasie, regulowane wewn\u0119trznym sznurkiem i przeszyciami zabezpieczaj\u0105cymi. Szwy boczne z rozci\u0119ciem.<\/span><br \/>\n<\/span><\/p>\n","protected":false},"featured_media":4036,"comment_status":"open","ping_status":"closed","template":"","meta":[],"product_brand":[],"product_cat":[28,22],"product_tag":[],"class_list":{"0":"post-735","1":"product","2":"type-product","3":"status-publish","4":"has-post-thumbnail","6":"product_cat-spodenki","7":"product_cat-tre","9":"first","10":"instock","11":"taxable","12":"shipping-taxable","13":"purchasable","14":"product-type-variable"},"jetpack_sharing_enabled":true,"_links":{"self":[{"href":"https:\/\/sesto.sklep.pl\/index.php\/wp-json\/wp\/v2\/product\/735","targetHints":{"allow":["GET"]}}],"collection":[{"href":"https:\/\/sesto.sklep.pl\/index.php\/wp-json\/wp\/v2\/product"}],"about":[{"href":"https:\/\/sesto.sklep.pl\/index.php\/wp-json\/wp\/v2\/types\/product"}],"replies":[{"embeddable":true,"href":"https:\/\/sesto.sklep.pl\/index.php\/wp-json\/wp\/v2\/comments?post=735"}],"version-history":[{"count":4,"href":"https:\/\/sesto.sklep.pl\/index.php\/wp-json\/wp\/v2\/product\/735\/revisions"}],"predecessor-version":[{"id":4028,"href":"https:\/\/sesto.sklep.pl\/index.php\/wp-json\/wp\/v2\/product\/735\/revisions\/4028"}],"wp:featuredmedia":[{"embeddable":true,"href":"https:\/\/sesto.sklep.pl\/index.php\/wp-json\/wp\/v2\/media\/4036"}],"wp:attachment":[{"href":"https:\/\/sesto.sklep.pl\/index.php\/wp-json\/wp\/v2\/media?parent=735"}],"wp:term":[{"taxonomy":"product_brand","embeddable":true,"href":"https:\/\/sesto.sklep.pl\/index.php\/wp-json\/wp\/v2\/product_brand?post=735"},{"taxonomy":"product_cat","embeddable":true,"href":"https:\/\/sesto.sklep.pl\/index.php\/wp-json\/wp\/v2\/product_cat?post=735"},{"taxonomy":"product_tag","embeddable":true,"href":"https:\/\/sesto.sklep.pl\/index.php\/wp-json\/wp\/v2\/product_tag?post=735"}],"curies":[{"name":"wp","href":"https:\/\/api.w.org\/{rel}","templated":true}]}}