{"id":649,"date":"2022-03-21T21:27:19","date_gmt":"2022-03-21T20:27:19","guid":{"rendered":"http:\/\/sesto.sklep.pl\/?post_type=product&#038;p=649"},"modified":"2025-03-18T09:25:50","modified_gmt":"2025-03-18T08:25:50","slug":"zestaw-2","status":"publish","type":"product","link":"https:\/\/sesto.sklep.pl\/index.php\/produkt\/zestaw-2\/","title":{"rendered":"Zestaw 2"},"content":{"rendered":"<p><span id=\"MainContent_vDescription\">Koszulka treningowa sublimowana<\/span><\/p>\n<ul>\n<li><span id=\"MainContent_vDescription\">Okr\u0105g\u0142y ko\u0142nierzyk z krytymi szwami.<br \/>\n<\/span><\/li>\n<li><span id=\"MainContent_vDescription\">Boczne przeszycia wyko\u0144czone nitk\u0105 w kolorze tkaniny.<\/span> <span id=\"MainContent_vDescriptionSEO\"><br \/>\n<\/span><\/li>\n<\/ul>\n<p><span id=\"MainContent_vDescription\">Torba sportowa z podw\u00f3jn\u0105 r\u0105czk\u0105 i d\u0142ugim regulowanym paskiem do zawieszenia. <\/span><\/p>\n<ul>\n<li><span id=\"MainContent_vDescription\">Torba g\u0142\u00f3wna z podw\u00f3jnym zamkiem.<\/span><\/li>\n<li><span id=\"MainContent_vDescription\">Wyjmowana kiesze\u0144 na buty.<\/span><\/li>\n<li><span id=\"MainContent_vDescription\">Przeciwwilgociowa.<\/span><\/li>\n<li><span id=\"MainContent_vDescription\">Podstawa na wkr\u0119ty. <\/span><\/li>\n<li><span id=\"MainContent_vDescription\">Pojemno\u015b\u0107 72 L<\/span><\/li>\n<\/ul>\n<h4>Senior<\/h4>\n<table border=\"0\" width=\"448\" cellspacing=\"0\" cellpadding=\"0\">\n<tbody>\n<tr>\n<td class=\"xl65\" width=\"64\" height=\"38\">Rozmiar<\/td>\n<td class=\"xl65\" width=\"64\">S<\/td>\n<td class=\"xl65\" width=\"64\">M<\/td>\n<td class=\"xl65\" width=\"64\">L<\/td>\n<td class=\"xl65\" width=\"64\">XL<\/td>\n<td class=\"xl65\" width=\"64\">2XL<\/td>\n<td class=\"xl65\" width=\"64\">3XL<\/td>\n<\/tr>\n<tr>\n<td class=\"xl66\" width=\"64\" height=\"19\">Klatka<\/td>\n<td class=\"xl67\" width=\"64\">48<\/td>\n<td class=\"xl67\" width=\"64\">51<\/td>\n<td class=\"xl67\" width=\"64\">54<\/td>\n<td class=\"xl67\" width=\"64\">57<\/td>\n<td class=\"xl67\" width=\"64\">60<\/td>\n<td class=\"xl67\" width=\"64\">63<\/td>\n<\/tr>\n<tr>\n<td class=\"xl66\" width=\"64\" height=\"19\">D\u0142ugo\u015b\u0107<\/td>\n<td class=\"xl67\" width=\"64\">70<\/td>\n<td class=\"xl67\" width=\"64\">72<\/td>\n<td class=\"xl67\" width=\"64\">73<\/td>\n<td class=\"xl67\" width=\"64\">74<\/td>\n<td class=\"xl67\" width=\"64\">75<\/td>\n<td class=\"xl67\" width=\"64\">80<\/td>\n<\/tr>\n<\/tbody>\n<\/table>\n<p>&nbsp;<\/p>\n<h4>Junior<\/h4>\n<table border=\"0\" width=\"320\" cellspacing=\"0\" cellpadding=\"0\">\n<tbody>\n<tr>\n<td class=\"xl65\" width=\"64\" height=\"38\">Rozmiar<\/td>\n<td class=\"xl68\" width=\"64\">4<\/td>\n<td class=\"xl68\" width=\"64\">8<\/td>\n<td class=\"xl68\" width=\"64\">12<\/td>\n<td class=\"xl68\" width=\"64\">16<\/td>\n<\/tr>\n<tr>\n<td class=\"xl66\" width=\"64\" height=\"19\">Klatka<\/td>\n<td class=\"xl67\" width=\"64\"><span dir=\"ltr\" role=\"presentation\">34<\/span><\/td>\n<td class=\"xl67\" width=\"64\">38<\/td>\n<td class=\"xl67\" width=\"64\">42<\/td>\n<td class=\"xl67\" width=\"64\">46<\/td>\n<\/tr>\n<tr>\n<td class=\"xl66\" width=\"64\" height=\"19\">D\u0142ugo\u015b\u0107<\/td>\n<td class=\"xl67\" width=\"64\">50<\/td>\n<td class=\"xl67\" width=\"64\">55<\/td>\n<td class=\"xl67\" width=\"64\">60<\/td>\n<td class=\"xl67\" width=\"64\">65<\/td>\n<\/tr>\n<\/tbody>\n<\/table>\n<p>&nbsp;<\/p>\n","protected":false},"excerpt":{"rendered":"<p><span id=\"MainContent_vDescriptionSEO\">Zestaw koszulki oraz torby z usztywnieniem na buty, \u0142\u0105czy nie tylko funkcjonalno\u015b\u0107 ale i odpowiedni wygl\u0105d.<\/span><\/p>\n","protected":false},"featured_media":4159,"comment_status":"open","ping_status":"closed","template":"","meta":[],"product_brand":[],"product_cat":[52,22,40,67],"product_tag":[],"class_list":{"0":"post-649","1":"product","2":"type-product","3":"status-publish","4":"has-post-thumbnail","6":"product_cat-mecz","7":"product_cat-tre","8":"product_cat-zestawy","9":"product_cat-zestawy-treningowe","11":"first","12":"instock","13":"taxable","14":"shipping-taxable","15":"purchasable","16":"product-type-variable"},"jetpack_sharing_enabled":true,"_links":{"self":[{"href":"https:\/\/sesto.sklep.pl\/index.php\/wp-json\/wp\/v2\/product\/649","targetHints":{"allow":["GET"]}}],"collection":[{"href":"https:\/\/sesto.sklep.pl\/index.php\/wp-json\/wp\/v2\/product"}],"about":[{"href":"https:\/\/sesto.sklep.pl\/index.php\/wp-json\/wp\/v2\/types\/product"}],"replies":[{"embeddable":true,"href":"https:\/\/sesto.sklep.pl\/index.php\/wp-json\/wp\/v2\/comments?post=649"}],"version-history":[{"count":3,"href":"https:\/\/sesto.sklep.pl\/index.php\/wp-json\/wp\/v2\/product\/649\/revisions"}],"predecessor-version":[{"id":4160,"href":"https:\/\/sesto.sklep.pl\/index.php\/wp-json\/wp\/v2\/product\/649\/revisions\/4160"}],"wp:featuredmedia":[{"embeddable":true,"href":"https:\/\/sesto.sklep.pl\/index.php\/wp-json\/wp\/v2\/media\/4159"}],"wp:attachment":[{"href":"https:\/\/sesto.sklep.pl\/index.php\/wp-json\/wp\/v2\/media?parent=649"}],"wp:term":[{"taxonomy":"product_brand","embeddable":true,"href":"https:\/\/sesto.sklep.pl\/index.php\/wp-json\/wp\/v2\/product_brand?post=649"},{"taxonomy":"product_cat","embeddable":true,"href":"https:\/\/sesto.sklep.pl\/index.php\/wp-json\/wp\/v2\/product_cat?post=649"},{"taxonomy":"product_tag","embeddable":true,"href":"https:\/\/sesto.sklep.pl\/index.php\/wp-json\/wp\/v2\/product_tag?post=649"}],"curies":[{"name":"wp","href":"https:\/\/api.w.org\/{rel}","templated":true}]}}