{"id":596,"date":"2022-03-14T06:47:09","date_gmt":"2022-03-14T05:47:09","guid":{"rendered":"http:\/\/sesto.sklep.pl\/?post_type=product&#038;p=596"},"modified":"2024-11-11T08:00:52","modified_gmt":"2024-11-11T07:00:52","slug":"koszulka-pilkarska-wj","status":"publish","type":"product","link":"https:\/\/sesto.sklep.pl\/index.php\/produkt\/koszulka-pilkarska-wj\/","title":{"rendered":"Koszulka pi\u0142karska WJ"},"content":{"rendered":"<div class=\"col-md-6 text-box\">\n<h2 class=\"section-title\" style=\"text-align: left;\">Sublimacja<\/h2>\n<p>Niezwyk\u0142\u0105 technologia znakowania odzie\u017cy kt\u00f3ra ingeruje bezpo\u015brednio w materia\u0142 bazowy, u\u017cywany do szycia naszych koszulek. Wszystkie nadruki \u0142\u0105cznie z numerem nazwiskiem i herbem s\u0105 integraln\u0105 cz\u0119\u015bci\u0105 koszulki, nie spior\u0105 si\u0119 i nie zerw\u0105, a do tego przepuszczaj\u0105 powietrze.<\/p>\n<\/div>\n<h2>Zam\u00f3wienie<\/h2>\n<p>Podstawowe informacje takie jak kolorystyka, ilo\u015b\u0107 koszulek i kszta\u0142t st\u00f3jki, wybierzecie Pa\u0144stwo przy zam\u00f3wieni. Dalsze informacje takie jak rozmiary, to po z\u0142o\u017ceniu zam\u00f3wienia dostaniecie Pa\u0144stwo od nas wiadomo\u015b\u0107 mailow\u0105 z formularzem do wyp\u0142onienia, w kt\u00f3rym wypiszecie rozmiary, numery, nazwiska\/ksywy oraz rozmieszczenie sponsor\u00f3w na koszulce.<\/p>\n<h2>Indywidualny projekt<\/h2>\n<p>Opr\u00f3cz podstawowych modeli kt\u00f3re widzicie Pa\u0144stwo na naszej stronie, mo\u017cemy r\u00f3wnie\u017c wykona\u0107 dla was indywidualny projekt koszulki lub innej odzie\u017cy produkowanej przez nasz\u0105 firm\u0119.<\/p>\n<h2>Rozmiar\u00f3wka<\/h2>\n<table class=\"pc-table table-sizes\" style=\"height: 157px;\" width=\"560\">\n<tbody>\n<tr>\n<th style=\"text-align: center;\">D\u0142ugo\u015b\u0107 (cm)<\/th>\n<th>XS<\/th>\n<th>S<\/th>\n<th>M<\/th>\n<th>L<\/th>\n<th>XL<\/th>\n<th>2XL<\/th>\n<th>3XL<\/th>\n<\/tr>\n<tr>\n<td>Klatka<\/td>\n<td style=\"text-align: center;\">47<\/td>\n<td style=\"text-align: center;\">50<\/td>\n<td style=\"text-align: center;\">53<\/td>\n<td style=\"text-align: center;\">55<\/td>\n<td style=\"text-align: center;\">58<\/td>\n<td style=\"text-align: center;\">61<\/td>\n<td style=\"text-align: center;\">64<\/td>\n<\/tr>\n<tr>\n<td>Talia<\/td>\n<td style=\"text-align: center;\">47<\/td>\n<td style=\"text-align: center;\">50<\/td>\n<td style=\"text-align: center;\">53<\/td>\n<td style=\"text-align: center;\">55<\/td>\n<td style=\"text-align: center;\">58<\/td>\n<td style=\"text-align: center;\">61<\/td>\n<td style=\"text-align: center;\">64<\/td>\n<\/tr>\n<tr>\n<td>Biodra<\/td>\n<td style=\"text-align: center;\">48<\/td>\n<td style=\"text-align: center;\">51<\/td>\n<td style=\"text-align: center;\">54<\/td>\n<td style=\"text-align: center;\">56<\/td>\n<td style=\"text-align: center;\">59<\/td>\n<td style=\"text-align: center;\">63<\/td>\n<td style=\"text-align: center;\">66<\/td>\n<\/tr>\n<tr>\n<td>D\u0142ugo\u015b\u0107<\/td>\n<td style=\"text-align: center;\">73<\/td>\n<td style=\"text-align: center;\">74<\/td>\n<td style=\"text-align: center;\">76<\/td>\n<td style=\"text-align: center;\">78<\/td>\n<td style=\"text-align: center;\">80<\/td>\n<td style=\"text-align: center;\">81<\/td>\n<td style=\"text-align: center;\">83<\/td>\n<\/tr>\n<\/tbody>\n<\/table>\n","protected":false},"excerpt":{"rendered":"<p>Koszulka pi\u0142karska WJ w prostym kroju. Dopasowanie do cia\u0142a oraz najwy\u017cej jako\u015bci materia\u0142 zapewniaj\u0105 maksymalny komfort w u\u017cytkowaniu podczas r\u00f3\u017cnych meczowych sytuacji.<\/p>\n","protected":false},"featured_media":142,"comment_status":"open","ping_status":"closed","template":"","meta":[],"product_brand":[],"product_cat":[24,20],"product_tag":[],"class_list":{"0":"post-596","1":"product","2":"type-product","3":"status-publish","4":"has-post-thumbnail","6":"product_cat-ksub","7":"product_cat-meczowe","9":"first","10":"instock","11":"taxable","12":"shipping-taxable","13":"purchasable","14":"product-type-variable"},"jetpack_sharing_enabled":true,"_links":{"self":[{"href":"https:\/\/sesto.sklep.pl\/index.php\/wp-json\/wp\/v2\/product\/596","targetHints":{"allow":["GET"]}}],"collection":[{"href":"https:\/\/sesto.sklep.pl\/index.php\/wp-json\/wp\/v2\/product"}],"about":[{"href":"https:\/\/sesto.sklep.pl\/index.php\/wp-json\/wp\/v2\/types\/product"}],"replies":[{"embeddable":true,"href":"https:\/\/sesto.sklep.pl\/index.php\/wp-json\/wp\/v2\/comments?post=596"}],"version-history":[{"count":2,"href":"https:\/\/sesto.sklep.pl\/index.php\/wp-json\/wp\/v2\/product\/596\/revisions"}],"predecessor-version":[{"id":1477,"href":"https:\/\/sesto.sklep.pl\/index.php\/wp-json\/wp\/v2\/product\/596\/revisions\/1477"}],"wp:featuredmedia":[{"embeddable":true,"href":"https:\/\/sesto.sklep.pl\/index.php\/wp-json\/wp\/v2\/media\/142"}],"wp:attachment":[{"href":"https:\/\/sesto.sklep.pl\/index.php\/wp-json\/wp\/v2\/media?parent=596"}],"wp:term":[{"taxonomy":"product_brand","embeddable":true,"href":"https:\/\/sesto.sklep.pl\/index.php\/wp-json\/wp\/v2\/product_brand?post=596"},{"taxonomy":"product_cat","embeddable":true,"href":"https:\/\/sesto.sklep.pl\/index.php\/wp-json\/wp\/v2\/product_cat?post=596"},{"taxonomy":"product_tag","embeddable":true,"href":"https:\/\/sesto.sklep.pl\/index.php\/wp-json\/wp\/v2\/product_tag?post=596"}],"curies":[{"name":"wp","href":"https:\/\/api.w.org\/{rel}","templated":true}]}}