{"id":4540,"date":"2026-01-24T12:03:22","date_gmt":"2026-01-24T11:03:22","guid":{"rendered":"https:\/\/sesto.sklep.pl\/?post_type=product&#038;p=4540"},"modified":"2026-01-24T12:08:28","modified_gmt":"2026-01-24T11:08:28","slug":"dres-reglan-presto","status":"publish","type":"product","link":"https:\/\/sesto.sklep.pl\/index.php\/produkt\/dres-reglan-presto\/","title":{"rendered":"Dres Reglan &#8211; Presto"},"content":{"rendered":"","protected":false},"excerpt":{"rendered":"<p>Dres treningowy reglanowy z kr\u00f3tkim zamkiem, wykonany z poliestru 190 g\/m\u00b2, zapewnia wygod\u0119 i swobod\u0119 ruch\u00f3w. Lekki, oddychaj\u0105cy materia\u0142 odprowadza wilgo\u0107, a kr\u00f3tki zamek umo\u017cliwia regulacj\u0119 wentylacji. Wytrzyma\u0142y, odporny na pranie, idealny do intensywnych trening\u00f3w i sportowych aktywno\u015bci.<\/p>\n","protected":false},"featured_media":4552,"comment_status":"open","ping_status":"closed","template":"","meta":[],"product_brand":[],"product_cat":[21,52,22],"product_tag":[],"class_list":{"0":"post-4540","1":"product","2":"type-product","3":"status-publish","4":"has-post-thumbnail","6":"product_cat-dresy","7":"product_cat-mecz","8":"product_cat-tre","10":"first","11":"instock","12":"taxable","13":"shipping-taxable","14":"purchasable","15":"product-type-variable"},"jetpack_sharing_enabled":true,"_links":{"self":[{"href":"https:\/\/sesto.sklep.pl\/index.php\/wp-json\/wp\/v2\/product\/4540","targetHints":{"allow":["GET"]}}],"collection":[{"href":"https:\/\/sesto.sklep.pl\/index.php\/wp-json\/wp\/v2\/product"}],"about":[{"href":"https:\/\/sesto.sklep.pl\/index.php\/wp-json\/wp\/v2\/types\/product"}],"replies":[{"embeddable":true,"href":"https:\/\/sesto.sklep.pl\/index.php\/wp-json\/wp\/v2\/comments?post=4540"}],"version-history":[{"count":2,"href":"https:\/\/sesto.sklep.pl\/index.php\/wp-json\/wp\/v2\/product\/4540\/revisions"}],"predecessor-version":[{"id":4559,"href":"https:\/\/sesto.sklep.pl\/index.php\/wp-json\/wp\/v2\/product\/4540\/revisions\/4559"}],"wp:featuredmedia":[{"embeddable":true,"href":"https:\/\/sesto.sklep.pl\/index.php\/wp-json\/wp\/v2\/media\/4552"}],"wp:attachment":[{"href":"https:\/\/sesto.sklep.pl\/index.php\/wp-json\/wp\/v2\/media?parent=4540"}],"wp:term":[{"taxonomy":"product_brand","embeddable":true,"href":"https:\/\/sesto.sklep.pl\/index.php\/wp-json\/wp\/v2\/product_brand?post=4540"},{"taxonomy":"product_cat","embeddable":true,"href":"https:\/\/sesto.sklep.pl\/index.php\/wp-json\/wp\/v2\/product_cat?post=4540"},{"taxonomy":"product_tag","embeddable":true,"href":"https:\/\/sesto.sklep.pl\/index.php\/wp-json\/wp\/v2\/product_tag?post=4540"}],"curies":[{"name":"wp","href":"https:\/\/api.w.org\/{rel}","templated":true}]}}