{"id":397,"date":"2022-02-15T12:46:38","date_gmt":"2022-02-15T11:46:38","guid":{"rendered":"http:\/\/sesto.sklep.pl\/?post_type=product&#038;p=397"},"modified":"2025-03-18T09:26:40","modified_gmt":"2025-03-18T08:26:40","slug":"zestaw-3","status":"publish","type":"product","link":"https:\/\/sesto.sklep.pl\/index.php\/produkt\/zestaw-3\/","title":{"rendered":"Zestaw trening 1"},"content":{"rendered":"<p><span id=\"MainContent_vDescription\">2x Koszulka treningowa sublimowana<\/span><\/p>\n<ul>\n<li><span id=\"MainContent_vDescription\">Okr\u0105g\u0142y ko\u0142nierzyk z krytymi szwami.<br \/>\n<\/span><\/li>\n<li><span id=\"MainContent_vDescription\">Boczne przeszycia wyko\u0144czone nitk\u0105 w kolorze tkaniny.<\/span> <span id=\"MainContent_vDescriptionSEO\"><br \/>\n<\/span><\/li>\n<\/ul>\n<p>&nbsp;<\/p>\n","protected":false},"excerpt":{"rendered":"<p><span id=\"MainContent_vDescriptionSEO\">Zestaw dw\u00f3ch koszulek sportowych, zaprojektowanych specjalnie pod treningi.<br \/>\n<\/span><\/p>\n","protected":false},"featured_media":4038,"comment_status":"open","ping_status":"closed","template":"","meta":[],"product_brand":[],"product_cat":[40,67],"product_tag":[],"class_list":{"0":"post-397","1":"product","2":"type-product","3":"status-publish","4":"has-post-thumbnail","6":"product_cat-zestawy","7":"product_cat-zestawy-treningowe","9":"first","10":"instock","11":"taxable","12":"shipping-taxable","13":"purchasable","14":"product-type-variable"},"jetpack_sharing_enabled":true,"_links":{"self":[{"href":"https:\/\/sesto.sklep.pl\/index.php\/wp-json\/wp\/v2\/product\/397","targetHints":{"allow":["GET"]}}],"collection":[{"href":"https:\/\/sesto.sklep.pl\/index.php\/wp-json\/wp\/v2\/product"}],"about":[{"href":"https:\/\/sesto.sklep.pl\/index.php\/wp-json\/wp\/v2\/types\/product"}],"replies":[{"embeddable":true,"href":"https:\/\/sesto.sklep.pl\/index.php\/wp-json\/wp\/v2\/comments?post=397"}],"version-history":[{"count":5,"href":"https:\/\/sesto.sklep.pl\/index.php\/wp-json\/wp\/v2\/product\/397\/revisions"}],"predecessor-version":[{"id":4157,"href":"https:\/\/sesto.sklep.pl\/index.php\/wp-json\/wp\/v2\/product\/397\/revisions\/4157"}],"wp:featuredmedia":[{"embeddable":true,"href":"https:\/\/sesto.sklep.pl\/index.php\/wp-json\/wp\/v2\/media\/4038"}],"wp:attachment":[{"href":"https:\/\/sesto.sklep.pl\/index.php\/wp-json\/wp\/v2\/media?parent=397"}],"wp:term":[{"taxonomy":"product_brand","embeddable":true,"href":"https:\/\/sesto.sklep.pl\/index.php\/wp-json\/wp\/v2\/product_brand?post=397"},{"taxonomy":"product_cat","embeddable":true,"href":"https:\/\/sesto.sklep.pl\/index.php\/wp-json\/wp\/v2\/product_cat?post=397"},{"taxonomy":"product_tag","embeddable":true,"href":"https:\/\/sesto.sklep.pl\/index.php\/wp-json\/wp\/v2\/product_tag?post=397"}],"curies":[{"name":"wp","href":"https:\/\/api.w.org\/{rel}","templated":true}]}}