{"id":3869,"date":"2025-03-01T16:27:07","date_gmt":"2025-03-01T15:27:07","guid":{"rendered":"https:\/\/sesto.sklep.pl\/?post_type=product&#038;p=3869"},"modified":"2025-03-18T09:07:02","modified_gmt":"2025-03-18T08:07:02","slug":"t-shirt-treningowy-formazione-3","status":"publish","type":"product","link":"https:\/\/sesto.sklep.pl\/index.php\/produkt\/t-shirt-treningowy-formazione-3\/","title":{"rendered":"T-shirt treningowy &#8211; Formazione 3"},"content":{"rendered":"<h2>Opis<\/h2>\n<div class=\"col-md-6 text-box\">\n<h2 class=\"section-title\">Sublimacja<\/h2>\n<p>Niezwyk\u0142\u0105 technologia znakowania odzie\u017cy kt\u00f3ra ingeruje bezpo\u015brednio w materia\u0142 bazowy, u\u017cywany do szycia naszych koszulek. Wszystkie nadruki \u0142\u0105cznie z numerem nazwiskiem i herbem s\u0105 integraln\u0105 cz\u0119\u015bci\u0105 koszulki, nie spior\u0105 si\u0119 i nie zerw\u0105, a do tego przepuszczaj\u0105 powietrze.<\/p>\n<\/div>\n<h2>Zam\u00f3wienie<\/h2>\n<p>Podstawowe informacje takie jak kolorystyka, ilo\u015b\u0107 koszulek i kszta\u0142t st\u00f3jki, wybierzecie Pa\u0144stwo przy zam\u00f3wieni. Dalsze informacje takie jak rozmiary, to po z\u0142o\u017ceniu zam\u00f3wienia dostaniecie Pa\u0144stwo od nas wiadomo\u015b\u0107 mailow\u0105 z formularzem do wyp\u0142onienia, w kt\u00f3rym wypiszecie rozmiary, numery, nazwiska\/ksywy oraz rozmieszczenie sponsor\u00f3w na koszulce.<\/p>\n<h2>Indywidualny projekt<\/h2>\n<p>Opr\u00f3cz podstawowych modeli kt\u00f3re widzicie Pa\u0144stwo na naszej stronie, mo\u017cemy r\u00f3wnie\u017c wykona\u0107 dla was indywidualny projekt koszulki lub innej odzie\u017cy produkowanej przez nasz\u0105 firm\u0119.<\/p>\n","protected":false},"excerpt":{"rendered":"<p>Koszulka treningowa bez szw\u00f3w bocznych, wykonana z materia\u0142\u00f3w o gramaturze, zapewnia komfort i trwa\u0142o\u015b\u0107. Z podw\u00f3jnymi przeszyciami na ramionach i u do\u0142u, oraz ta\u015bm\u0105 wzmacniaj\u0105c\u0105 od ramienia do ramienia, gwarantuje wytrzyma\u0142o\u015b\u0107. Wersja standardowa to 100% bawe\u0142na, niekurczliwa, idealna do codziennego u\u017cytku.<\/p>\n","protected":false},"featured_media":3860,"comment_status":"open","ping_status":"closed","template":"","meta":[],"product_brand":[],"product_cat":[52,27,22],"product_tag":[],"class_list":{"0":"post-3869","1":"product","2":"type-product","3":"status-publish","4":"has-post-thumbnail","6":"product_cat-mecz","7":"product_cat-t-shirt","8":"product_cat-tre","10":"first","11":"instock","12":"taxable","13":"shipping-taxable","14":"purchasable","15":"product-type-variable"},"jetpack_sharing_enabled":true,"_links":{"self":[{"href":"https:\/\/sesto.sklep.pl\/index.php\/wp-json\/wp\/v2\/product\/3869","targetHints":{"allow":["GET"]}}],"collection":[{"href":"https:\/\/sesto.sklep.pl\/index.php\/wp-json\/wp\/v2\/product"}],"about":[{"href":"https:\/\/sesto.sklep.pl\/index.php\/wp-json\/wp\/v2\/types\/product"}],"replies":[{"embeddable":true,"href":"https:\/\/sesto.sklep.pl\/index.php\/wp-json\/wp\/v2\/comments?post=3869"}],"version-history":[{"count":2,"href":"https:\/\/sesto.sklep.pl\/index.php\/wp-json\/wp\/v2\/product\/3869\/revisions"}],"predecessor-version":[{"id":4301,"href":"https:\/\/sesto.sklep.pl\/index.php\/wp-json\/wp\/v2\/product\/3869\/revisions\/4301"}],"wp:featuredmedia":[{"embeddable":true,"href":"https:\/\/sesto.sklep.pl\/index.php\/wp-json\/wp\/v2\/media\/3860"}],"wp:attachment":[{"href":"https:\/\/sesto.sklep.pl\/index.php\/wp-json\/wp\/v2\/media?parent=3869"}],"wp:term":[{"taxonomy":"product_brand","embeddable":true,"href":"https:\/\/sesto.sklep.pl\/index.php\/wp-json\/wp\/v2\/product_brand?post=3869"},{"taxonomy":"product_cat","embeddable":true,"href":"https:\/\/sesto.sklep.pl\/index.php\/wp-json\/wp\/v2\/product_cat?post=3869"},{"taxonomy":"product_tag","embeddable":true,"href":"https:\/\/sesto.sklep.pl\/index.php\/wp-json\/wp\/v2\/product_tag?post=3869"}],"curies":[{"name":"wp","href":"https:\/\/api.w.org\/{rel}","templated":true}]}}