{"id":377,"date":"2022-02-15T12:24:22","date_gmt":"2022-02-15T11:24:22","guid":{"rendered":"http:\/\/sesto.sklep.pl\/?post_type=product&#038;p=377"},"modified":"2022-03-16T02:26:32","modified_gmt":"2022-03-16T01:26:32","slug":"poduszki","status":"publish","type":"product","link":"https:\/\/sesto.sklep.pl\/index.php\/produkt\/poduszki\/","title":{"rendered":"PODUSZKI"},"content":{"rendered":"<p>Mi\u0119kkie i kolorowe poduszki z nadrukiem w formie klasycznych \u201eja\u015bk\u00f3w\u201d lub w oryginalnym kszta\u0142cie koszulki futbolowej \u2013 to zupe\u0142nie nowy wymiar po\u017c\u0105danego gad\u017cetu reklamowego. Opr\u00f3cz tego, \u017ce poduszki z nadrukiem \u015bwietnie wygl\u0105daj\u0105, to doskonale wype\u0142niaj\u0105 swoje podstawowe funkcje. Z powodzeniem mog\u0105 te\u017c pe\u0142ni\u0107 rol\u0119 efektownego elementu dekoracyjnego, podkre\u015blaj\u0105c przy okazji pasj\u0119 domownik\u00f3w wyra\u017con\u0105 w formie graficznego motywu na poduszce.<\/p>\n","protected":false},"excerpt":{"rendered":"<p>Poduszka w Twoich klubowych barwach? Oczywi\u015bcie! To kolejny gad\u017cet, kt\u00f3ry powinien znale\u017a\u0107 si\u0119 w Twoim sklepie dla kibica! Zadbaj o swoich fan\u00f3w!<\/p>\n","protected":false},"featured_media":498,"comment_status":"open","ping_status":"closed","template":"","meta":[],"product_brand":[],"product_cat":[39],"product_tag":[],"class_list":{"0":"post-377","1":"product","2":"type-product","3":"status-publish","4":"has-post-thumbnail","6":"product_cat-gadzety-2","8":"first","9":"instock","10":"taxable","11":"shipping-taxable","12":"purchasable","13":"product-type-simple"},"jetpack_sharing_enabled":true,"_links":{"self":[{"href":"https:\/\/sesto.sklep.pl\/index.php\/wp-json\/wp\/v2\/product\/377","targetHints":{"allow":["GET"]}}],"collection":[{"href":"https:\/\/sesto.sklep.pl\/index.php\/wp-json\/wp\/v2\/product"}],"about":[{"href":"https:\/\/sesto.sklep.pl\/index.php\/wp-json\/wp\/v2\/types\/product"}],"replies":[{"embeddable":true,"href":"https:\/\/sesto.sklep.pl\/index.php\/wp-json\/wp\/v2\/comments?post=377"}],"version-history":[{"count":1,"href":"https:\/\/sesto.sklep.pl\/index.php\/wp-json\/wp\/v2\/product\/377\/revisions"}],"predecessor-version":[{"id":639,"href":"https:\/\/sesto.sklep.pl\/index.php\/wp-json\/wp\/v2\/product\/377\/revisions\/639"}],"wp:featuredmedia":[{"embeddable":true,"href":"https:\/\/sesto.sklep.pl\/index.php\/wp-json\/wp\/v2\/media\/498"}],"wp:attachment":[{"href":"https:\/\/sesto.sklep.pl\/index.php\/wp-json\/wp\/v2\/media?parent=377"}],"wp:term":[{"taxonomy":"product_brand","embeddable":true,"href":"https:\/\/sesto.sklep.pl\/index.php\/wp-json\/wp\/v2\/product_brand?post=377"},{"taxonomy":"product_cat","embeddable":true,"href":"https:\/\/sesto.sklep.pl\/index.php\/wp-json\/wp\/v2\/product_cat?post=377"},{"taxonomy":"product_tag","embeddable":true,"href":"https:\/\/sesto.sklep.pl\/index.php\/wp-json\/wp\/v2\/product_tag?post=377"}],"curies":[{"name":"wp","href":"https:\/\/api.w.org\/{rel}","templated":true}]}}