{"id":373,"date":"2022-02-15T12:30:13","date_gmt":"2022-02-15T11:30:13","guid":{"rendered":"http:\/\/sesto.sklep.pl\/?post_type=product&#038;p=373"},"modified":"2023-11-26T06:30:29","modified_gmt":"2023-11-26T05:30:29","slug":"flaga-samochodowa","status":"publish","type":"product","link":"https:\/\/sesto.sklep.pl\/index.php\/produkt\/flaga-samochodowa\/","title":{"rendered":"FLAGA SAMOCHODOWA"},"content":{"rendered":"<p>Flaga samochodowa z herbem klubu sportowego lub z logo firmy. Spraw, aby dzie\u0144 meczowy by\u0142 \u015bwi\u0119tem, a Twoi kibice byli widoczni wsz\u0119dzie! Flaga \u015bwietnie si\u0119 nadaje r\u00f3wnie\u017c dla zawodnik\u00f3w, kt\u00f3rzy przyje\u017cd\u017caj\u0105 na mecze swoimi samochodami!<\/p>\n","protected":false},"excerpt":{"rendered":"<p>Niech dzie\u0144 meczowy b\u0119dzie \u015bwi\u0119tem dla Twoich kibic\u00f3w! Dodaj do listy gad\u017cet\u00f3w klubowych flag\u0119 samochodow\u0105 z herbem Twojej dru\u017cyny!<\/p>\n","protected":false},"featured_media":507,"comment_status":"open","ping_status":"closed","template":"","meta":[],"product_brand":[],"product_cat":[39],"product_tag":[],"class_list":{"0":"post-373","1":"product","2":"type-product","3":"status-publish","4":"has-post-thumbnail","6":"product_cat-gadzety-2","8":"first","9":"instock","10":"taxable","11":"shipping-taxable","12":"purchasable","13":"product-type-simple"},"jetpack_sharing_enabled":true,"_links":{"self":[{"href":"https:\/\/sesto.sklep.pl\/index.php\/wp-json\/wp\/v2\/product\/373","targetHints":{"allow":["GET"]}}],"collection":[{"href":"https:\/\/sesto.sklep.pl\/index.php\/wp-json\/wp\/v2\/product"}],"about":[{"href":"https:\/\/sesto.sklep.pl\/index.php\/wp-json\/wp\/v2\/types\/product"}],"replies":[{"embeddable":true,"href":"https:\/\/sesto.sklep.pl\/index.php\/wp-json\/wp\/v2\/comments?post=373"}],"version-history":[{"count":1,"href":"https:\/\/sesto.sklep.pl\/index.php\/wp-json\/wp\/v2\/product\/373\/revisions"}],"predecessor-version":[{"id":506,"href":"https:\/\/sesto.sklep.pl\/index.php\/wp-json\/wp\/v2\/product\/373\/revisions\/506"}],"wp:featuredmedia":[{"embeddable":true,"href":"https:\/\/sesto.sklep.pl\/index.php\/wp-json\/wp\/v2\/media\/507"}],"wp:attachment":[{"href":"https:\/\/sesto.sklep.pl\/index.php\/wp-json\/wp\/v2\/media?parent=373"}],"wp:term":[{"taxonomy":"product_brand","embeddable":true,"href":"https:\/\/sesto.sklep.pl\/index.php\/wp-json\/wp\/v2\/product_brand?post=373"},{"taxonomy":"product_cat","embeddable":true,"href":"https:\/\/sesto.sklep.pl\/index.php\/wp-json\/wp\/v2\/product_cat?post=373"},{"taxonomy":"product_tag","embeddable":true,"href":"https:\/\/sesto.sklep.pl\/index.php\/wp-json\/wp\/v2\/product_tag?post=373"}],"curies":[{"name":"wp","href":"https:\/\/api.w.org\/{rel}","templated":true}]}}