{"id":3728,"date":"2025-02-28T18:47:04","date_gmt":"2025-02-28T17:47:04","guid":{"rendered":"https:\/\/sesto.sklep.pl\/?post_type=product&#038;p=3728"},"modified":"2026-01-24T10:17:34","modified_gmt":"2026-01-24T09:17:34","slug":"dres-regular-toro-2","status":"publish","type":"product","link":"https:\/\/sesto.sklep.pl\/index.php\/produkt\/dres-regular-toro-2\/","title":{"rendered":"Dres Regular &#8211; Toro"},"content":{"rendered":"","protected":false},"excerpt":{"rendered":"<p>Dres treningowy pi\u0142karsky z kr\u00f3tkim zamkiem, wykonany z poliestru o gramaturze 210 g\/m\u00b2, to idealne po\u0142\u0105czenie komfortu i funkcjonalno\u015bci. Lekki, oddychaj\u0105cy materia\u0142 odprowadza wilgo\u0107, zapewniaj\u0105c wygod\u0119 podczas trening\u00f3w. Kr\u00f3tki zamek u\u0142atwia zak\u0142adanie i wentylacj\u0119, a wytrzyma\u0142o\u015b\u0107 tkaniny gwarantuje trwa\u0142o\u015b\u0107 w intensywnym u\u017cytkowaniu.<\/p>\n","protected":false},"featured_media":4470,"comment_status":"open","ping_status":"closed","template":"","meta":[],"product_brand":[],"product_cat":[21,52,22],"product_tag":[],"class_list":{"0":"post-3728","1":"product","2":"type-product","3":"status-publish","4":"has-post-thumbnail","6":"product_cat-dresy","7":"product_cat-mecz","8":"product_cat-tre","10":"first","11":"instock","12":"taxable","13":"shipping-taxable","14":"purchasable","15":"product-type-variable"},"jetpack_sharing_enabled":true,"_links":{"self":[{"href":"https:\/\/sesto.sklep.pl\/index.php\/wp-json\/wp\/v2\/product\/3728","targetHints":{"allow":["GET"]}}],"collection":[{"href":"https:\/\/sesto.sklep.pl\/index.php\/wp-json\/wp\/v2\/product"}],"about":[{"href":"https:\/\/sesto.sklep.pl\/index.php\/wp-json\/wp\/v2\/types\/product"}],"replies":[{"embeddable":true,"href":"https:\/\/sesto.sklep.pl\/index.php\/wp-json\/wp\/v2\/comments?post=3728"}],"version-history":[{"count":1,"href":"https:\/\/sesto.sklep.pl\/index.php\/wp-json\/wp\/v2\/product\/3728\/revisions"}],"predecessor-version":[{"id":3741,"href":"https:\/\/sesto.sklep.pl\/index.php\/wp-json\/wp\/v2\/product\/3728\/revisions\/3741"}],"wp:featuredmedia":[{"embeddable":true,"href":"https:\/\/sesto.sklep.pl\/index.php\/wp-json\/wp\/v2\/media\/4470"}],"wp:attachment":[{"href":"https:\/\/sesto.sklep.pl\/index.php\/wp-json\/wp\/v2\/media?parent=3728"}],"wp:term":[{"taxonomy":"product_brand","embeddable":true,"href":"https:\/\/sesto.sklep.pl\/index.php\/wp-json\/wp\/v2\/product_brand?post=3728"},{"taxonomy":"product_cat","embeddable":true,"href":"https:\/\/sesto.sklep.pl\/index.php\/wp-json\/wp\/v2\/product_cat?post=3728"},{"taxonomy":"product_tag","embeddable":true,"href":"https:\/\/sesto.sklep.pl\/index.php\/wp-json\/wp\/v2\/product_tag?post=3728"}],"curies":[{"name":"wp","href":"https:\/\/api.w.org\/{rel}","templated":true}]}}