{"id":372,"date":"2022-02-15T12:30:22","date_gmt":"2022-02-15T11:30:22","guid":{"rendered":"http:\/\/sesto.sklep.pl\/?post_type=product&#038;p=372"},"modified":"2022-02-21T09:14:03","modified_gmt":"2022-02-21T08:14:03","slug":"flaga","status":"publish","type":"product","link":"https:\/\/sesto.sklep.pl\/index.php\/produkt\/flaga\/","title":{"rendered":"FLAGA"},"content":{"rendered":"<p>\u017beby trybuny nabra\u0142y \u017cycia zaproponuj swoim kibicom flagi z herbem Twojej dru\u017cyny! Na flagach mo\u017ce zosta\u0107 umieszczona dowolna grafika.<\/p>\n","protected":false},"excerpt":{"rendered":"<p>Flaga z Twoj\u0105 grafik\u0105, idealna dla kibic\u00f3w, \u015bwietnie nadaje si\u0119 na wyjazdy i do kibicowania na Twoim obiekcie. Zadbaj o dobr\u0105 atmosfer\u0119 na trybunach!<\/p>\n","protected":false},"featured_media":508,"comment_status":"open","ping_status":"closed","template":"","meta":[],"product_brand":[],"product_cat":[39],"product_tag":[],"class_list":{"0":"post-372","1":"product","2":"type-product","3":"status-publish","4":"has-post-thumbnail","6":"product_cat-gadzety-2","8":"first","9":"instock","10":"taxable","11":"shipping-taxable","12":"purchasable","13":"product-type-simple"},"jetpack_sharing_enabled":true,"_links":{"self":[{"href":"https:\/\/sesto.sklep.pl\/index.php\/wp-json\/wp\/v2\/product\/372","targetHints":{"allow":["GET"]}}],"collection":[{"href":"https:\/\/sesto.sklep.pl\/index.php\/wp-json\/wp\/v2\/product"}],"about":[{"href":"https:\/\/sesto.sklep.pl\/index.php\/wp-json\/wp\/v2\/types\/product"}],"replies":[{"embeddable":true,"href":"https:\/\/sesto.sklep.pl\/index.php\/wp-json\/wp\/v2\/comments?post=372"}],"version-history":[{"count":0,"href":"https:\/\/sesto.sklep.pl\/index.php\/wp-json\/wp\/v2\/product\/372\/revisions"}],"wp:featuredmedia":[{"embeddable":true,"href":"https:\/\/sesto.sklep.pl\/index.php\/wp-json\/wp\/v2\/media\/508"}],"wp:attachment":[{"href":"https:\/\/sesto.sklep.pl\/index.php\/wp-json\/wp\/v2\/media?parent=372"}],"wp:term":[{"taxonomy":"product_brand","embeddable":true,"href":"https:\/\/sesto.sklep.pl\/index.php\/wp-json\/wp\/v2\/product_brand?post=372"},{"taxonomy":"product_cat","embeddable":true,"href":"https:\/\/sesto.sklep.pl\/index.php\/wp-json\/wp\/v2\/product_cat?post=372"},{"taxonomy":"product_tag","embeddable":true,"href":"https:\/\/sesto.sklep.pl\/index.php\/wp-json\/wp\/v2\/product_tag?post=372"}],"curies":[{"name":"wp","href":"https:\/\/api.w.org\/{rel}","templated":true}]}}