{"id":365,"date":"2022-02-14T22:42:53","date_gmt":"2022-02-14T21:42:53","guid":{"rendered":"http:\/\/sesto.sklep.pl\/?post_type=product&#038;p=365"},"modified":"2022-03-21T22:06:39","modified_gmt":"2022-03-21T21:06:39","slug":"bluza","status":"publish","type":"product","link":"https:\/\/sesto.sklep.pl\/index.php\/produkt\/bluza\/","title":{"rendered":"Bluza"},"content":{"rendered":"<p><span id=\"MainContent_vDescriptionSEO\">C\u00f3\u017c mo\u017ce by\u0107 lepszego ni\u017c klasyczna bluza chroni\u0105ca Ci\u0119 przed zimnem i w dodatku bez utraty klasycznego stylu, kt\u00f3rego potrzebujesz. Aby niskie temperatury nie powstrzyma\u0142y ci\u0119 od Twoich plan\u00f3w.<\/span><\/p>\n<h3>Senior<\/h3>\n<table border=\"0\" width=\"512\" cellspacing=\"0\" cellpadding=\"0\">\n<tbody>\n<tr>\n<td class=\"xl63\" width=\"64\" height=\"38\">D\u0142ugo\u015b\u0107 (cm)<\/td>\n<td class=\"xl63\" width=\"64\">XS<\/td>\n<td class=\"xl63\" width=\"64\">S<\/td>\n<td class=\"xl63\" width=\"64\">M<\/td>\n<td class=\"xl63\" width=\"64\">L<\/td>\n<td class=\"xl63\" width=\"64\">XL<\/td>\n<td class=\"xl63\" width=\"64\">2XL<\/td>\n<td class=\"xl63\" width=\"64\">3XL<\/td>\n<\/tr>\n<tr>\n<td class=\"xl64\" width=\"64\" height=\"19\">Klatka<\/td>\n<td class=\"xl64\" align=\"right\" width=\"64\">49<\/td>\n<td class=\"xl64\" align=\"right\" width=\"64\">54<\/td>\n<td class=\"xl64\" align=\"right\" width=\"64\">57<\/td>\n<td class=\"xl64\" align=\"right\" width=\"64\">60<\/td>\n<td class=\"xl64\" align=\"right\" width=\"64\">63<\/td>\n<td class=\"xl64\" align=\"right\" width=\"64\">66<\/td>\n<td class=\"xl64\" align=\"right\" width=\"64\">64<\/td>\n<\/tr>\n<tr>\n<td class=\"xl64\" width=\"64\" height=\"19\">D\u0142ugo\u015b\u0107<\/td>\n<td class=\"xl64\" align=\"right\" width=\"64\">60<\/td>\n<td class=\"xl64\" align=\"right\" width=\"64\">64<\/td>\n<td class=\"xl64\" align=\"right\" width=\"64\">67<\/td>\n<td class=\"xl64\" align=\"right\" width=\"64\">70<\/td>\n<td class=\"xl64\" align=\"right\" width=\"64\">73<\/td>\n<td class=\"xl64\" align=\"right\" width=\"64\">76<\/td>\n<td class=\"xl64\" align=\"right\" width=\"64\">83<\/td>\n<\/tr>\n<\/tbody>\n<\/table>\n<p>&nbsp;<\/p>\n<h3>Dzieci<\/h3>\n<table border=\"0\" width=\"384\" cellspacing=\"0\" cellpadding=\"0\">\n<tbody>\n<tr>\n<td class=\"xl65\" width=\"64\" height=\"38\">D\u0142ugo\u015b\u0107 (cm)<\/td>\n<td class=\"xl68\" width=\"64\">3\/4<\/td>\n<td class=\"xl68\" width=\"64\">5\/6<\/td>\n<td class=\"xl68\" width=\"64\">7\/8<\/td>\n<td class=\"xl68\" width=\"64\">9\/10<\/td>\n<td class=\"xl68\" width=\"64\">11\/12<\/td>\n<\/tr>\n<tr>\n<td class=\"xl66\" width=\"64\" height=\"19\">Klatka<\/td>\n<td class=\"xl67\" width=\"64\">38<\/td>\n<td class=\"xl67\" width=\"64\">40<\/td>\n<td class=\"xl67\" width=\"64\">42<\/td>\n<td class=\"xl67\" width=\"64\">44<\/td>\n<td class=\"xl67\" width=\"64\">46<\/td>\n<\/tr>\n<tr>\n<td class=\"xl66\" width=\"64\" height=\"19\">D\u0142ugo\u015b\u0107<\/td>\n<td class=\"xl67\" width=\"64\">44<\/td>\n<td class=\"xl67\" width=\"64\">48<\/td>\n<td class=\"xl67\" width=\"64\">52<\/td>\n<td class=\"xl67\" width=\"64\">56<\/td>\n<td class=\"xl67\" width=\"64\">60<\/td>\n<\/tr>\n<\/tbody>\n<\/table>\n","protected":false},"excerpt":{"rendered":"<p><span id=\"MainContent_vDescription\">Klasyczna bluza. Elastyczny \u015bci\u0105gacz przy ko\u0142nierzyku, na mankietach i w talii. Wzmacniane kryte szwy na karku. <\/span><\/p>\n","protected":false},"featured_media":552,"comment_status":"open","ping_status":"closed","template":"","meta":[],"product_brand":[],"product_cat":[52],"product_tag":[],"class_list":{"0":"post-365","1":"product","2":"type-product","3":"status-publish","4":"has-post-thumbnail","6":"product_cat-mecz","8":"first","9":"instock","10":"taxable","11":"shipping-taxable","12":"purchasable","13":"product-type-simple"},"jetpack_sharing_enabled":true,"_links":{"self":[{"href":"https:\/\/sesto.sklep.pl\/index.php\/wp-json\/wp\/v2\/product\/365","targetHints":{"allow":["GET"]}}],"collection":[{"href":"https:\/\/sesto.sklep.pl\/index.php\/wp-json\/wp\/v2\/product"}],"about":[{"href":"https:\/\/sesto.sklep.pl\/index.php\/wp-json\/wp\/v2\/types\/product"}],"replies":[{"embeddable":true,"href":"https:\/\/sesto.sklep.pl\/index.php\/wp-json\/wp\/v2\/comments?post=365"}],"version-history":[{"count":1,"href":"https:\/\/sesto.sklep.pl\/index.php\/wp-json\/wp\/v2\/product\/365\/revisions"}],"predecessor-version":[{"id":645,"href":"https:\/\/sesto.sklep.pl\/index.php\/wp-json\/wp\/v2\/product\/365\/revisions\/645"}],"wp:featuredmedia":[{"embeddable":true,"href":"https:\/\/sesto.sklep.pl\/index.php\/wp-json\/wp\/v2\/media\/552"}],"wp:attachment":[{"href":"https:\/\/sesto.sklep.pl\/index.php\/wp-json\/wp\/v2\/media?parent=365"}],"wp:term":[{"taxonomy":"product_brand","embeddable":true,"href":"https:\/\/sesto.sklep.pl\/index.php\/wp-json\/wp\/v2\/product_brand?post=365"},{"taxonomy":"product_cat","embeddable":true,"href":"https:\/\/sesto.sklep.pl\/index.php\/wp-json\/wp\/v2\/product_cat?post=365"},{"taxonomy":"product_tag","embeddable":true,"href":"https:\/\/sesto.sklep.pl\/index.php\/wp-json\/wp\/v2\/product_tag?post=365"}],"curies":[{"name":"wp","href":"https:\/\/api.w.org\/{rel}","templated":true}]}}