{"id":3456,"date":"2025-02-28T11:03:01","date_gmt":"2025-02-28T10:03:01","guid":{"rendered":"https:\/\/sesto.sklep.pl\/?post_type=product&#038;p=3456"},"modified":"2026-01-31T12:11:28","modified_gmt":"2026-01-31T11:11:28","slug":"komplet-basic-veloce","status":"publish","type":"product","link":"https:\/\/sesto.sklep.pl\/index.php\/produkt\/komplet-basic-veloce\/","title":{"rendered":"Komplet Basic &#8211; Veloce"},"content":{"rendered":"<div class=\"col-md-6 text-box\">\n<h2 class=\"section-title\" style=\"text-align: left;\">Sublimacja<\/h2>\n<p>Niezwyk\u0142\u0105 technologia znakowania odzie\u017cy kt\u00f3ra ingeruje bezpo\u015brednio w materia\u0142 bazowy, u\u017cywany do szycia naszych koszulek. Wszystkie nadruki \u0142\u0105cznie z numerem nazwiskiem i herbem s\u0105 integraln\u0105 cz\u0119\u015bci\u0105 koszulki, nie spior\u0105 si\u0119 i nie zerw\u0105, a do tego przepuszczaj\u0105 powietrze.<\/p>\n<\/div>\n<h2>Zam\u00f3wienie<\/h2>\n<p>Podstawowe informacje takie jak kolorystyka, ilo\u015b\u0107 koszulek i kszta\u0142t st\u00f3jki, wybierzecie Pa\u0144stwo przy zam\u00f3wieni. Dalsze informacje takie jak rozmiary, to po z\u0142o\u017ceniu zam\u00f3wienia dostaniecie Pa\u0144stwo od nas wiadomo\u015b\u0107 mailow\u0105 z formularzem do wyp\u0142onienia, w kt\u00f3rym wypiszecie rozmiary, numery, nazwiska\/ksywy oraz rozmieszczenie sponsor\u00f3w na koszulce.<\/p>\n<h2>Indywidualny projekt<\/h2>\n<p>Opr\u00f3cz podstawowych modeli kt\u00f3re widzicie Pa\u0144stwo na naszej stronie, mo\u017cemy r\u00f3wnie\u017c wykona\u0107 dla was indywidualny projekt koszulki lub innej odzie\u017cy produkowanej przez nasz\u0105 firm\u0119.<\/p>\n<p>&nbsp;<\/p>\n","protected":false},"excerpt":{"rendered":"<p>Koszulka pi\u0142karska z poliestru to lekka, oddychaj\u0105ca odzie\u017c idealna dla sportowc\u00f3w. Materia\u0142 odprowadza wilgo\u0107, zapewniaj\u0105c komfort i swobod\u0119 ruch\u00f3w. G\u0142adka powierzchnia umo\u017cliwia trwa\u0142e nadruki, takie jak numery i logo. Wytrzyma\u0142a i odporna na pranie, doskonale sprawdzi si\u0119 w intensywnym u\u017cytkowaniu.<\/p>\n","protected":false},"featured_media":4592,"comment_status":"open","ping_status":"closed","template":"","meta":[],"product_brand":[],"product_cat":[51,20],"product_tag":[],"class_list":{"0":"post-3456","1":"product","2":"type-product","3":"status-publish","4":"has-post-thumbnail","6":"product_cat-komplet-sublimowany","7":"product_cat-meczowe","9":"first","10":"instock","11":"taxable","12":"shipping-taxable","13":"purchasable","14":"product-type-variable"},"jetpack_sharing_enabled":true,"_links":{"self":[{"href":"https:\/\/sesto.sklep.pl\/index.php\/wp-json\/wp\/v2\/product\/3456","targetHints":{"allow":["GET"]}}],"collection":[{"href":"https:\/\/sesto.sklep.pl\/index.php\/wp-json\/wp\/v2\/product"}],"about":[{"href":"https:\/\/sesto.sklep.pl\/index.php\/wp-json\/wp\/v2\/types\/product"}],"replies":[{"embeddable":true,"href":"https:\/\/sesto.sklep.pl\/index.php\/wp-json\/wp\/v2\/comments?post=3456"}],"version-history":[{"count":1,"href":"https:\/\/sesto.sklep.pl\/index.php\/wp-json\/wp\/v2\/product\/3456\/revisions"}],"predecessor-version":[{"id":3503,"href":"https:\/\/sesto.sklep.pl\/index.php\/wp-json\/wp\/v2\/product\/3456\/revisions\/3503"}],"wp:featuredmedia":[{"embeddable":true,"href":"https:\/\/sesto.sklep.pl\/index.php\/wp-json\/wp\/v2\/media\/4592"}],"wp:attachment":[{"href":"https:\/\/sesto.sklep.pl\/index.php\/wp-json\/wp\/v2\/media?parent=3456"}],"wp:term":[{"taxonomy":"product_brand","embeddable":true,"href":"https:\/\/sesto.sklep.pl\/index.php\/wp-json\/wp\/v2\/product_brand?post=3456"},{"taxonomy":"product_cat","embeddable":true,"href":"https:\/\/sesto.sklep.pl\/index.php\/wp-json\/wp\/v2\/product_cat?post=3456"},{"taxonomy":"product_tag","embeddable":true,"href":"https:\/\/sesto.sklep.pl\/index.php\/wp-json\/wp\/v2\/product_tag?post=3456"}],"curies":[{"name":"wp","href":"https:\/\/api.w.org\/{rel}","templated":true}]}}