{"id":2230,"date":"2023-01-03T09:34:03","date_gmt":"2023-01-03T08:34:03","guid":{"rendered":"http:\/\/sesto.sklep.pl\/?post_type=product&#038;p=2230"},"modified":"2025-03-18T09:19:12","modified_gmt":"2025-03-18T08:19:12","slug":"t-shirt-sesto-1","status":"publish","type":"product","link":"https:\/\/sesto.sklep.pl\/index.php\/produkt\/t-shirt-sesto-1\/","title":{"rendered":"t-shirt sesto 1"},"content":{"rendered":"<p><span id=\"MainContent_vDescription\">T-shirt z kr\u00f3tkim r\u0119kawem. Doskona\u0142ej jako\u015bci materia\u0142, specjalne wyko\u0144czenie.<\/span><\/p>\n<ul>\n<li><span id=\"MainContent_vDescription\"> Czterowarstwowy \u015bci\u0105gacz przy szyi. <\/span><\/li>\n<li><span id=\"MainContent_vDescription\">Wzmocnione kryte szwy na karku i na ramionach. <\/span><\/li>\n<li><span id=\"MainContent_vDescription\">Szwy boczne.<\/span><\/li>\n<\/ul>\n<p>&nbsp;<\/p>\n<table style=\"border-collapse: collapse; width: 970px; height: 91px;\" border=\"0\" width=\"448\" cellspacing=\"0\" cellpadding=\"0\">\n<tbody>\n<tr style=\"height: 14.4pt;\">\n<td class=\"xl65\" style=\"height: 14.4pt; width: 48pt;\" width=\"64\" height=\"19\">Senior<\/td>\n<td class=\"xl65\" style=\"border-left: none; width: 48pt;\" width=\"64\">S<\/td>\n<td class=\"xl65\" style=\"border-left: none; width: 48pt;\" width=\"64\">M<\/td>\n<td class=\"xl65\" style=\"border-left: none; width: 48pt;\" width=\"64\">L<\/td>\n<td class=\"xl65\" style=\"border-left: none; width: 48pt;\" width=\"64\">XL<\/td>\n<td class=\"xl65\" style=\"border-left: none; width: 48pt;\" width=\"64\">2XL<\/td>\n<td class=\"xl65\" style=\"border-left: none; width: 48pt;\" width=\"64\">3XL<\/td>\n<\/tr>\n<tr style=\"height: 14.4pt;\">\n<td class=\"xl66\" style=\"height: 14.4pt; border-top: none; width: 48pt;\" width=\"64\" height=\"19\">Klatka<\/td>\n<td class=\"xl67\" style=\"border-top: none; border-left: none; width: 48pt;\" width=\"64\">48<\/td>\n<td class=\"xl67\" style=\"border-top: none; border-left: none; width: 48pt;\" width=\"64\">50<\/td>\n<td class=\"xl67\" style=\"border-top: none; border-left: none; width: 48pt;\" width=\"64\">54<\/td>\n<td class=\"xl67\" style=\"border-top: none; border-left: none; width: 48pt;\" width=\"64\">58<\/td>\n<td class=\"xl67\" style=\"border-top: none; border-left: none; width: 48pt;\" width=\"64\">62<\/td>\n<td class=\"xl67\" style=\"border-top: none; border-left: none; width: 48pt;\" width=\"64\">66<\/td>\n<\/tr>\n<tr style=\"height: 14.4pt;\">\n<td class=\"xl66\" style=\"height: 14.4pt; border-top: none; width: 48pt;\" width=\"64\" height=\"19\">D\u0142ugo\u015b\u0107<\/td>\n<td class=\"xl67\" style=\"border-top: none; border-left: none; width: 48pt;\" width=\"64\">69<\/td>\n<td class=\"xl67\" style=\"border-top: none; border-left: none; width: 48pt;\" width=\"64\">71<\/td>\n<td class=\"xl67\" style=\"border-top: none; border-left: none; width: 48pt;\" width=\"64\">73<\/td>\n<td class=\"xl67\" style=\"border-top: none; border-left: none; width: 48pt;\" width=\"64\">75<\/td>\n<td class=\"xl67\" style=\"border-top: none; border-left: none; width: 48pt;\" width=\"64\">77<\/td>\n<td class=\"xl67\" style=\"border-top: none; border-left: none; width: 48pt;\" width=\"64\">79<\/td>\n<\/tr>\n<\/tbody>\n<\/table>\n<p>&nbsp;<\/p>\n<table style=\"border-collapse: collapse; width: 970px; height: 70px;\" border=\"0\" width=\"384\" cellspacing=\"0\" cellpadding=\"0\">\n<tbody>\n<tr style=\"height: 14.4pt;\">\n<td class=\"xl65\" style=\"height: 14.4pt; width: 48pt;\" width=\"64\" height=\"19\">Junior<\/td>\n<td class=\"xl68\" style=\"border-left: none; width: 48pt;\" width=\"64\">3\/4<\/td>\n<td class=\"xl68\" style=\"border-left: none; width: 48pt;\" width=\"64\">5\/6<\/td>\n<td class=\"xl68\" style=\"border-left: none; width: 48pt;\" width=\"64\">7\/8<\/td>\n<td class=\"xl68\" style=\"border-left: none; width: 48pt;\" width=\"64\">9\/10<\/td>\n<td class=\"xl68\" style=\"border-left: none; width: 48pt;\" width=\"64\">11\/12<\/td>\n<\/tr>\n<tr style=\"height: 14.4pt;\">\n<td class=\"xl66\" style=\"height: 14.4pt; border-top: none; width: 48pt;\" width=\"64\" height=\"19\">Klatka<\/td>\n<td class=\"xl67\" style=\"border-top: none; border-left: none; width: 48pt;\" width=\"64\"><span dir=\"ltr\" style=\"transform: scaleX(0.922105);\" role=\"presentation\">32<\/span><\/td>\n<td class=\"xl67\" style=\"border-top: none; border-left: none; width: 48pt;\" width=\"64\">35<\/td>\n<td class=\"xl67\" style=\"border-top: none; border-left: none; width: 48pt;\" width=\"64\">39<\/td>\n<td class=\"xl67\" style=\"border-top: none; border-left: none; width: 48pt;\" width=\"64\">43<\/td>\n<td class=\"xl67\" style=\"border-top: none; border-left: none; width: 48pt;\" width=\"64\">46<\/td>\n<\/tr>\n<tr style=\"height: 14.4pt;\">\n<td class=\"xl66\" style=\"height: 14.4pt; border-top: none; width: 48pt;\" width=\"64\" height=\"19\">D\u0142ugo\u015b\u0107<\/td>\n<td class=\"xl69\" style=\"border-top: none; border-left: none; width: 48pt;\" width=\"64\">45<\/td>\n<td class=\"xl67\" style=\"border-top: none; border-left: none; width: 48pt;\" width=\"64\">49<\/td>\n<td class=\"xl67\" style=\"border-top: none; border-left: none; width: 48pt;\" width=\"64\">53<\/td>\n<td class=\"xl67\" style=\"border-top: none; border-left: none; width: 48pt;\" width=\"64\">57<\/td>\n<td class=\"xl67\" style=\"border-top: none; border-left: none; width: 48pt;\" width=\"64\">61<\/td>\n<\/tr>\n<\/tbody>\n<\/table>\n","protected":false},"excerpt":{"rendered":"<p><span id=\"MainContent_vDescription\">T-shirt z kr\u00f3tkim r\u0119kawem. Doskona\u0142ej jako\u015bci materia\u0142, specjalne wyko\u0144czenie. Czterowarstwowy \u015bci\u0105gacz przy szyi. Wzmocnione kryte szwy na karku i na ramionach. Szwy boczne.<\/span> <span id=\"MainContent_vDescriptionSEO\"><\/span><\/p>\n","protected":false},"featured_media":2235,"comment_status":"open","ping_status":"closed","template":"","meta":[],"product_brand":[],"product_cat":[73],"product_tag":[],"class_list":{"0":"post-2230","1":"product","2":"type-product","3":"status-publish","4":"has-post-thumbnail","6":"product_cat-sesto","8":"first","9":"instock","10":"taxable","11":"shipping-taxable","12":"purchasable","13":"product-type-variable","14":"has-default-attributes"},"jetpack_sharing_enabled":true,"_links":{"self":[{"href":"https:\/\/sesto.sklep.pl\/index.php\/wp-json\/wp\/v2\/product\/2230","targetHints":{"allow":["GET"]}}],"collection":[{"href":"https:\/\/sesto.sklep.pl\/index.php\/wp-json\/wp\/v2\/product"}],"about":[{"href":"https:\/\/sesto.sklep.pl\/index.php\/wp-json\/wp\/v2\/types\/product"}],"replies":[{"embeddable":true,"href":"https:\/\/sesto.sklep.pl\/index.php\/wp-json\/wp\/v2\/comments?post=2230"}],"version-history":[{"count":1,"href":"https:\/\/sesto.sklep.pl\/index.php\/wp-json\/wp\/v2\/product\/2230\/revisions"}],"predecessor-version":[{"id":2234,"href":"https:\/\/sesto.sklep.pl\/index.php\/wp-json\/wp\/v2\/product\/2230\/revisions\/2234"}],"wp:featuredmedia":[{"embeddable":true,"href":"https:\/\/sesto.sklep.pl\/index.php\/wp-json\/wp\/v2\/media\/2235"}],"wp:attachment":[{"href":"https:\/\/sesto.sklep.pl\/index.php\/wp-json\/wp\/v2\/media?parent=2230"}],"wp:term":[{"taxonomy":"product_brand","embeddable":true,"href":"https:\/\/sesto.sklep.pl\/index.php\/wp-json\/wp\/v2\/product_brand?post=2230"},{"taxonomy":"product_cat","embeddable":true,"href":"https:\/\/sesto.sklep.pl\/index.php\/wp-json\/wp\/v2\/product_cat?post=2230"},{"taxonomy":"product_tag","embeddable":true,"href":"https:\/\/sesto.sklep.pl\/index.php\/wp-json\/wp\/v2\/product_tag?post=2230"}],"curies":[{"name":"wp","href":"https:\/\/api.w.org\/{rel}","templated":true}]}}