{"id":1749,"date":"2022-10-24T11:20:35","date_gmt":"2022-10-24T09:20:35","guid":{"rendered":"http:\/\/sesto.sklep.pl\/?post_type=product&#038;p=1749"},"modified":"2025-03-01T16:24:48","modified_gmt":"2025-03-01T15:24:48","slug":"czapka-elastyczna-basic","status":"publish","type":"product","link":"https:\/\/sesto.sklep.pl\/index.php\/produkt\/czapka-elastyczna-basic\/","title":{"rendered":"Czapka elastyczna Basic"},"content":{"rendered":"","protected":false},"excerpt":{"rendered":"<p>Czapka z herbem Twojej dru\u017cyny, idealna do trening\u00f3w w mro\u017ane dni! Czapki to r\u00f3wnie\u017c \u015bwietny gad\u017cet, kt\u00f3ry Twoja dru\u017cyna mo\u017ce przygotowa\u0107 dla kibic\u00f3w, sportowc\u00f3w i dzia\u0142aczy.<\/p>\n","protected":false},"featured_media":1753,"comment_status":"open","ping_status":"closed","template":"","meta":[],"product_brand":[],"product_cat":[30,72,22],"product_tag":[],"class_list":{"0":"post-1749","1":"product","2":"type-product","3":"status-publish","4":"has-post-thumbnail","6":"product_cat-czapki-sublimowane","7":"product_cat-jesien-zima","8":"product_cat-tre","10":"first","11":"instock","12":"taxable","13":"shipping-taxable","14":"purchasable","15":"product-type-variable"},"jetpack_sharing_enabled":true,"_links":{"self":[{"href":"https:\/\/sesto.sklep.pl\/index.php\/wp-json\/wp\/v2\/product\/1749","targetHints":{"allow":["GET"]}}],"collection":[{"href":"https:\/\/sesto.sklep.pl\/index.php\/wp-json\/wp\/v2\/product"}],"about":[{"href":"https:\/\/sesto.sklep.pl\/index.php\/wp-json\/wp\/v2\/types\/product"}],"replies":[{"embeddable":true,"href":"https:\/\/sesto.sklep.pl\/index.php\/wp-json\/wp\/v2\/comments?post=1749"}],"version-history":[{"count":2,"href":"https:\/\/sesto.sklep.pl\/index.php\/wp-json\/wp\/v2\/product\/1749\/revisions"}],"predecessor-version":[{"id":1788,"href":"https:\/\/sesto.sklep.pl\/index.php\/wp-json\/wp\/v2\/product\/1749\/revisions\/1788"}],"wp:featuredmedia":[{"embeddable":true,"href":"https:\/\/sesto.sklep.pl\/index.php\/wp-json\/wp\/v2\/media\/1753"}],"wp:attachment":[{"href":"https:\/\/sesto.sklep.pl\/index.php\/wp-json\/wp\/v2\/media?parent=1749"}],"wp:term":[{"taxonomy":"product_brand","embeddable":true,"href":"https:\/\/sesto.sklep.pl\/index.php\/wp-json\/wp\/v2\/product_brand?post=1749"},{"taxonomy":"product_cat","embeddable":true,"href":"https:\/\/sesto.sklep.pl\/index.php\/wp-json\/wp\/v2\/product_cat?post=1749"},{"taxonomy":"product_tag","embeddable":true,"href":"https:\/\/sesto.sklep.pl\/index.php\/wp-json\/wp\/v2\/product_tag?post=1749"}],"curies":[{"name":"wp","href":"https:\/\/api.w.org\/{rel}","templated":true}]}}