{"id":1398,"date":"2022-06-09T00:53:37","date_gmt":"2022-06-08T22:53:37","guid":{"rendered":"http:\/\/sesto.sklep.pl\/?post_type=product&#038;p=1398"},"modified":"2025-03-18T09:24:43","modified_gmt":"2025-03-18T08:24:43","slug":"zestaw-obozowy-3","status":"publish","type":"product","link":"https:\/\/sesto.sklep.pl\/index.php\/produkt\/zestaw-obozowy-3\/","title":{"rendered":"Zestaw obozowy 3"},"content":{"rendered":"<p><span id=\"MainContent_vDescription\">Koszulka techniczna z kr\u00f3tkim, raglanowym r\u0119kawem.<br \/>\n<\/span><\/p>\n<ul>\n<li><span id=\"MainContent_vDescription\">Okr\u0105g\u0142y ko\u0142nierzyk z krytymi szwami.<br \/>\n<\/span><\/li>\n<li><span id=\"MainContent_vDescription\">Boczne przeszycia wyko\u0144czone nitk\u0105 w kolorze tkaniny.<\/span> <span id=\"MainContent_vDescriptionSEO\"><br \/>\n<\/span><\/li>\n<\/ul>\n<p>Worek sportowy<\/p>\n<ul>\n<li>regulowane i wytrzyma\u0142e sznurki<\/li>\n<li>indywidualna grafika<\/li>\n<\/ul>\n<h4>Senior<\/h4>\n<table border=\"0\" width=\"448\" cellspacing=\"0\" cellpadding=\"0\">\n<tbody>\n<tr>\n<td class=\"xl65\" width=\"64\" height=\"38\">Rozmiar<\/td>\n<td class=\"xl65\" width=\"64\">S<\/td>\n<td class=\"xl65\" width=\"64\">M<\/td>\n<td class=\"xl65\" width=\"64\">L<\/td>\n<td class=\"xl65\" width=\"64\">XL<\/td>\n<td class=\"xl65\" width=\"64\">2XL<\/td>\n<td class=\"xl65\" width=\"64\">3XL<\/td>\n<\/tr>\n<tr>\n<td class=\"xl66\" width=\"64\" height=\"19\">Klatka<\/td>\n<td class=\"xl67\" width=\"64\">48<\/td>\n<td class=\"xl67\" width=\"64\">51<\/td>\n<td class=\"xl67\" width=\"64\">54<\/td>\n<td class=\"xl67\" width=\"64\">57<\/td>\n<td class=\"xl67\" width=\"64\">60<\/td>\n<td class=\"xl67\" width=\"64\">63<\/td>\n<\/tr>\n<tr>\n<td class=\"xl66\" width=\"64\" height=\"19\">D\u0142ugo\u015b\u0107<\/td>\n<td class=\"xl67\" width=\"64\">70<\/td>\n<td class=\"xl67\" width=\"64\">72<\/td>\n<td class=\"xl67\" width=\"64\">73<\/td>\n<td class=\"xl67\" width=\"64\">74<\/td>\n<td class=\"xl67\" width=\"64\">75<\/td>\n<td class=\"xl67\" width=\"64\">80<\/td>\n<\/tr>\n<\/tbody>\n<\/table>\n<p>&nbsp;<\/p>\n<h4>Junior<\/h4>\n<table border=\"0\" width=\"320\" cellspacing=\"0\" cellpadding=\"0\">\n<tbody>\n<tr>\n<td class=\"xl65\" width=\"64\" height=\"38\">Rozmiar<\/td>\n<td class=\"xl68\" width=\"64\">4<\/td>\n<td class=\"xl68\" width=\"64\">8<\/td>\n<td class=\"xl68\" width=\"64\">12<\/td>\n<td class=\"xl68\" width=\"64\">16<\/td>\n<\/tr>\n<tr>\n<td class=\"xl66\" width=\"64\" height=\"19\">Klatka<\/td>\n<td class=\"xl67\" width=\"64\"><span dir=\"ltr\" role=\"presentation\">34<\/span><\/td>\n<td class=\"xl67\" width=\"64\">38<\/td>\n<td class=\"xl67\" width=\"64\">42<\/td>\n<td class=\"xl67\" width=\"64\">46<\/td>\n<\/tr>\n<tr>\n<td class=\"xl66\" width=\"64\" height=\"19\">D\u0142ugo\u015b\u0107<\/td>\n<td class=\"xl67\" width=\"64\">50<\/td>\n<td class=\"xl67\" width=\"64\">55<\/td>\n<td class=\"xl67\" width=\"64\">60<\/td>\n<td class=\"xl67\" width=\"64\">65<\/td>\n<\/tr>\n<\/tbody>\n<\/table>\n<p>&nbsp;<\/p>\n","protected":false},"excerpt":{"rendered":"<p><span id=\"MainContent_vDescriptionSEO\">Zestaw z koszulk\u0105 sportow\u0105 oraz workiem na buty, zaprojektowanych specjalnie pod treningi.<br \/>\n<\/span><\/p>\n","protected":false},"featured_media":4245,"comment_status":"open","ping_status":"closed","template":"","meta":[],"product_brand":[],"product_cat":[64],"product_tag":[],"class_list":{"0":"post-1398","1":"product","2":"type-product","3":"status-publish","4":"has-post-thumbnail","6":"product_cat-zob","8":"first","9":"instock","10":"taxable","11":"shipping-taxable","12":"purchasable","13":"product-type-variable"},"jetpack_sharing_enabled":true,"_links":{"self":[{"href":"https:\/\/sesto.sklep.pl\/index.php\/wp-json\/wp\/v2\/product\/1398","targetHints":{"allow":["GET"]}}],"collection":[{"href":"https:\/\/sesto.sklep.pl\/index.php\/wp-json\/wp\/v2\/product"}],"about":[{"href":"https:\/\/sesto.sklep.pl\/index.php\/wp-json\/wp\/v2\/types\/product"}],"replies":[{"embeddable":true,"href":"https:\/\/sesto.sklep.pl\/index.php\/wp-json\/wp\/v2\/comments?post=1398"}],"version-history":[{"count":3,"href":"https:\/\/sesto.sklep.pl\/index.php\/wp-json\/wp\/v2\/product\/1398\/revisions"}],"predecessor-version":[{"id":1438,"href":"https:\/\/sesto.sklep.pl\/index.php\/wp-json\/wp\/v2\/product\/1398\/revisions\/1438"}],"wp:featuredmedia":[{"embeddable":true,"href":"https:\/\/sesto.sklep.pl\/index.php\/wp-json\/wp\/v2\/media\/4245"}],"wp:attachment":[{"href":"https:\/\/sesto.sklep.pl\/index.php\/wp-json\/wp\/v2\/media?parent=1398"}],"wp:term":[{"taxonomy":"product_brand","embeddable":true,"href":"https:\/\/sesto.sklep.pl\/index.php\/wp-json\/wp\/v2\/product_brand?post=1398"},{"taxonomy":"product_cat","embeddable":true,"href":"https:\/\/sesto.sklep.pl\/index.php\/wp-json\/wp\/v2\/product_cat?post=1398"},{"taxonomy":"product_tag","embeddable":true,"href":"https:\/\/sesto.sklep.pl\/index.php\/wp-json\/wp\/v2\/product_tag?post=1398"}],"curies":[{"name":"wp","href":"https:\/\/api.w.org\/{rel}","templated":true}]}}