{"id":1396,"date":"2022-06-09T00:53:33","date_gmt":"2022-06-08T22:53:33","guid":{"rendered":"http:\/\/sesto.sklep.pl\/?post_type=product&#038;p=1396"},"modified":"2025-03-18T09:24:54","modified_gmt":"2025-03-18T08:24:54","slug":"zestaw-obozowy-2","status":"publish","type":"product","link":"https:\/\/sesto.sklep.pl\/index.php\/produkt\/zestaw-obozowy-2\/","title":{"rendered":"Zestaw obozowy 2"},"content":{"rendered":"<p><span id=\"MainContent_vDescription\">Koszulka treningowa Sublimowana<\/span><\/p>\n<ul>\n<li><span id=\"MainContent_vDescription\">Okr\u0105g\u0142y ko\u0142nierzyk z krytymi szwami.<br \/>\n<\/span><\/li>\n<li><span id=\"MainContent_vDescription\">Boczne przeszycia wyko\u0144czone nitk\u0105 w kolorze tkaniny.<\/span> <span id=\"MainContent_vDescriptionSEO\"><\/span><\/li>\n<\/ul>\n<p>Koszulka polo<\/p>\n<ul>\n<li><span id=\"MainContent_vDescription\">Zapi\u0119cie z trzema guzikami<\/span><\/li>\n<li><span id=\"MainContent_vDescription\"> Pr\u0105\u017ckowany ko\u0142nierzyk i mankiety. <\/span><\/li>\n<li><span id=\"MainContent_vDescription\">Wzmocnione kryte szwy przy ko\u0142nierzyku.<\/span><\/li>\n<\/ul>\n<p>&nbsp;<\/p>\n<h4>Senior<\/h4>\n<table style=\"border-collapse: collapse; width: 970px; height: 118px;\" border=\"0\" width=\"448\" cellspacing=\"0\" cellpadding=\"0\">\n<tbody>\n<tr style=\"height: 28.8pt;\">\n<td class=\"xl65\" style=\"height: 28.8pt; width: 48pt;\" width=\"64\" height=\"38\">D\u0142ugo\u015b\u0107 (cm)<\/td>\n<td class=\"xl65\" style=\"border-left: none; width: 48pt;\" width=\"64\">S<\/td>\n<td class=\"xl65\" style=\"border-left: none; width: 48pt;\" width=\"64\">M<\/td>\n<td class=\"xl65\" style=\"border-left: none; width: 48pt;\" width=\"64\">L<\/td>\n<td class=\"xl65\" style=\"border-left: none; width: 48pt;\" width=\"64\">XL<\/td>\n<td class=\"xl65\" style=\"border-left: none; width: 48pt;\" width=\"64\">2XL<\/td>\n<td class=\"xl65\" style=\"border-left: none; width: 48pt;\" width=\"64\">3XL<\/td>\n<\/tr>\n<tr style=\"height: 14.4pt;\">\n<td class=\"xl66\" style=\"height: 14.4pt; border-top: none; width: 48pt;\" width=\"64\" height=\"19\">Klatka<\/td>\n<td class=\"xl67\" style=\"border-top: none; border-left: none; width: 48pt;\" width=\"64\">50<\/td>\n<td class=\"xl67\" style=\"border-top: none; border-left: none; width: 48pt;\" width=\"64\">53<\/td>\n<td class=\"xl67\" style=\"border-top: none; border-left: none; width: 48pt;\" width=\"64\">56<\/td>\n<td class=\"xl67\" style=\"border-top: none; border-left: none; width: 48pt;\" width=\"64\">59<\/td>\n<td class=\"xl67\" style=\"border-top: none; border-left: none; width: 48pt;\" width=\"64\">63<\/td>\n<td class=\"xl67\" style=\"border-top: none; border-left: none; width: 48pt;\" width=\"64\">66<\/td>\n<\/tr>\n<tr style=\"height: 14.4pt;\">\n<td class=\"xl66\" style=\"height: 14.4pt; border-top: none; width: 48pt;\" width=\"64\" height=\"19\">D\u0142ugo\u015b\u0107<\/td>\n<td class=\"xl67\" style=\"border-top: none; border-left: none; width: 48pt;\" width=\"64\">69<\/td>\n<td class=\"xl67\" style=\"border-top: none; border-left: none; width: 48pt;\" width=\"64\">71<\/td>\n<td class=\"xl67\" style=\"border-top: none; border-left: none; width: 48pt;\" width=\"64\">73<\/td>\n<td class=\"xl67\" style=\"border-top: none; border-left: none; width: 48pt;\" width=\"64\">75<\/td>\n<td class=\"xl67\" style=\"border-top: none; border-left: none; width: 48pt;\" width=\"64\">77<\/td>\n<td class=\"xl67\" style=\"border-top: none; border-left: none; width: 48pt;\" width=\"64\">79<\/td>\n<\/tr>\n<\/tbody>\n<\/table>\n<p>&nbsp;<\/p>\n<h4>Dzieci<\/h4>\n<table style=\"border-collapse: collapse; width: 970px; height: 83px;\" border=\"0\" width=\"384\" cellspacing=\"0\" cellpadding=\"0\">\n<tbody>\n<tr style=\"height: 28.8pt;\">\n<td class=\"xl65\" style=\"height: 28.8pt; width: 48pt;\" width=\"64\" height=\"38\">D\u0142ugo\u015b\u0107 (cm)<\/td>\n<td class=\"xl68\" style=\"border-left: none; width: 48pt;\" width=\"64\">3\/4<\/td>\n<td class=\"xl68\" style=\"border-left: none; width: 48pt;\" width=\"64\">5\/6<\/td>\n<td class=\"xl68\" style=\"border-left: none; width: 48pt;\" width=\"64\">7\/8<\/td>\n<td class=\"xl68\" style=\"border-left: none; width: 48pt;\" width=\"64\">9\/10<\/td>\n<td class=\"xl68\" style=\"border-left: none; width: 48pt;\" width=\"64\">11\/12<\/td>\n<\/tr>\n<tr style=\"height: 14.4pt;\">\n<td class=\"xl66\" style=\"height: 14.4pt; border-top: none; width: 48pt;\" width=\"64\" height=\"19\">Klatka<\/td>\n<td class=\"xl67\" style=\"border-top: none; border-left: none; width: 48pt;\" width=\"64\"><span dir=\"ltr\" style=\"transform: scaleX(0.922105);\" role=\"presentation\">34<\/span><\/td>\n<td class=\"xl67\" style=\"border-top: none; border-left: none; width: 48pt;\" width=\"64\">37<\/td>\n<td class=\"xl67\" style=\"border-top: none; border-left: none; width: 48pt;\" width=\"64\">40<\/td>\n<td class=\"xl67\" style=\"border-top: none; border-left: none; width: 48pt;\" width=\"64\">43<\/td>\n<td class=\"xl67\" style=\"border-top: none; border-left: none; width: 48pt;\" width=\"64\">47<\/td>\n<\/tr>\n<tr style=\"height: 14.4pt;\">\n<td class=\"xl66\" style=\"height: 14.4pt; border-top: none; width: 48pt;\" width=\"64\" height=\"19\">D\u0142ugo\u015b\u0107<\/td>\n<td class=\"xl67\" style=\"border-top: none; border-left: none; width: 48pt;\" width=\"64\">44<\/td>\n<td class=\"xl67\" style=\"border-top: none; border-left: none; width: 48pt;\" width=\"64\">48<\/td>\n<td class=\"xl67\" style=\"border-top: none; border-left: none; width: 48pt;\" width=\"64\">52<\/td>\n<td class=\"xl67\" style=\"border-top: none; border-left: none; width: 48pt;\" width=\"64\">56<\/td>\n<td class=\"xl67\" style=\"border-top: none; border-left: none; width: 48pt;\" width=\"64\">60<\/td>\n<\/tr>\n<\/tbody>\n<\/table>\n<p>&nbsp;<\/p>\n<p>&nbsp;<\/p>\n","protected":false},"excerpt":{"rendered":"<p>Zestaw treningowo reprezentacyjny zawieraj\u0105cy koszulk\u0119 treningow\u0105 oraz koszulk\u0119 polo w kt\u00f3rej \u015bmia\u0142o przyjdziesz na mecz.<\/p>\n","protected":false},"featured_media":4164,"comment_status":"open","ping_status":"closed","template":"","meta":[],"product_brand":[],"product_cat":[64],"product_tag":[],"class_list":{"0":"post-1396","1":"product","2":"type-product","3":"status-publish","4":"has-post-thumbnail","6":"product_cat-zob","8":"first","9":"instock","10":"taxable","11":"shipping-taxable","12":"purchasable","13":"product-type-variable"},"jetpack_sharing_enabled":true,"_links":{"self":[{"href":"https:\/\/sesto.sklep.pl\/index.php\/wp-json\/wp\/v2\/product\/1396","targetHints":{"allow":["GET"]}}],"collection":[{"href":"https:\/\/sesto.sklep.pl\/index.php\/wp-json\/wp\/v2\/product"}],"about":[{"href":"https:\/\/sesto.sklep.pl\/index.php\/wp-json\/wp\/v2\/types\/product"}],"replies":[{"embeddable":true,"href":"https:\/\/sesto.sklep.pl\/index.php\/wp-json\/wp\/v2\/comments?post=1396"}],"version-history":[{"count":4,"href":"https:\/\/sesto.sklep.pl\/index.php\/wp-json\/wp\/v2\/product\/1396\/revisions"}],"predecessor-version":[{"id":4286,"href":"https:\/\/sesto.sklep.pl\/index.php\/wp-json\/wp\/v2\/product\/1396\/revisions\/4286"}],"wp:featuredmedia":[{"embeddable":true,"href":"https:\/\/sesto.sklep.pl\/index.php\/wp-json\/wp\/v2\/media\/4164"}],"wp:attachment":[{"href":"https:\/\/sesto.sklep.pl\/index.php\/wp-json\/wp\/v2\/media?parent=1396"}],"wp:term":[{"taxonomy":"product_brand","embeddable":true,"href":"https:\/\/sesto.sklep.pl\/index.php\/wp-json\/wp\/v2\/product_brand?post=1396"},{"taxonomy":"product_cat","embeddable":true,"href":"https:\/\/sesto.sklep.pl\/index.php\/wp-json\/wp\/v2\/product_cat?post=1396"},{"taxonomy":"product_tag","embeddable":true,"href":"https:\/\/sesto.sklep.pl\/index.php\/wp-json\/wp\/v2\/product_tag?post=1396"}],"curies":[{"name":"wp","href":"https:\/\/api.w.org\/{rel}","templated":true}]}}