{"id":10,"date":"2022-02-07T21:47:58","date_gmt":"2022-02-07T20:47:58","guid":{"rendered":"http:\/\/sesto.sklep.pl\/index.php\/koszyk\/"},"modified":"2025-03-18T09:28:45","modified_gmt":"2025-03-18T08:28:45","slug":"koszyk","status":"publish","type":"page","link":"https:\/\/sesto.sklep.pl\/index.php\/koszyk\/","title":{"rendered":"Koszyk"},"content":{"rendered":"\t\t<div data-elementor-type=\"wp-page\" data-elementor-id=\"10\" class=\"elementor elementor-10\" data-elementor-post-type=\"page\">\n\t\t\t\t\t\t<section class=\"elementor-section elementor-top-section elementor-element elementor-element-0dd5d1b elementor-section-full_width elementor-section-height-default elementor-section-height-default\" data-id=\"0dd5d1b\" data-element_type=\"section\" data-settings=\"{&quot;background_background&quot;:&quot;classic&quot;}\">\n\t\t\t\t\t\t<div class=\"elementor-container elementor-column-gap-default\">\n\t\t\t\t\t<div class=\"elementor-column elementor-col-100 elementor-top-column elementor-element elementor-element-4501b18\" data-id=\"4501b18\" data-element_type=\"column\">\n\t\t\t<div class=\"elementor-widget-wrap elementor-element-populated\">\n\t\t\t\t\t\t<div class=\"elementor-element elementor-element-1a54dfd elementor-widget elementor-widget-image\" data-id=\"1a54dfd\" data-element_type=\"widget\" data-widget_type=\"image.default\">\n\t\t\t\t<div class=\"elementor-widget-container\">\n\t\t\t\t\t\t\t\t\t\t\t\t\t\t\t<img fetchpriority=\"high\" decoding=\"async\" width=\"800\" height=\"417\" src=\"https:\/\/sesto.sklep.pl\/wp-content\/uploads\/2023\/01\/koszyk-1024x534.jpg\" class=\"attachment-large size-large wp-image-2181\" alt=\"\" srcset=\"https:\/\/sesto.sklep.pl\/wp-content\/uploads\/2023\/01\/koszyk-1024x534.jpg 1024w, https:\/\/sesto.sklep.pl\/wp-content\/uploads\/2023\/01\/koszyk-300x156.jpg 300w, https:\/\/sesto.sklep.pl\/wp-content\/uploads\/2023\/01\/koszyk-768x400.jpg 768w, https:\/\/sesto.sklep.pl\/wp-content\/uploads\/2023\/01\/koszyk-1536x800.jpg 1536w, https:\/\/sesto.sklep.pl\/wp-content\/uploads\/2023\/01\/koszyk-2048x1067.jpg 2048w, https:\/\/sesto.sklep.pl\/wp-content\/uploads\/2023\/01\/koszyk-1320x688.jpg 1320w, https:\/\/sesto.sklep.pl\/wp-content\/uploads\/2023\/01\/koszyk-600x313.jpg 600w\" sizes=\"(max-width: 800px) 100vw, 800px\" \/>\t\t\t\t\t\t\t\t\t\t\t\t\t\t\t<\/div>\n\t\t\t\t<\/div>\n\t\t\t\t\t<\/div>\n\t\t<\/div>\n\t\t\t\t\t<\/div>\n\t\t<\/section>\n\t\t\t\t<section class=\"elementor-section elementor-top-section elementor-element elementor-element-486630f0 elementor-section-boxed elementor-section-height-default elementor-section-height-default\" data-id=\"486630f0\" data-element_type=\"section\">\n\t\t\t\t\t\t<div class=\"elementor-container elementor-column-gap-default\">\n\t\t\t\t\t<div class=\"elementor-column elementor-col-100 elementor-top-column elementor-element elementor-element-3f34c387\" data-id=\"3f34c387\" data-element_type=\"column\">\n\t\t\t<div class=\"elementor-widget-wrap elementor-element-populated\">\n\t\t\t\t\t\t\t<\/div>\n\t\t<\/div>\n\t\t\t\t\t<\/div>\n\t\t<\/section>\n\t\t\t\t<\/div>\n\t\t","protected":false},"excerpt":{"rendered":"<p>Usu\u0144 element Miniatura Produkt Cena Ilo\u015b\u0107 Kwota &times; SZALIKI SAMOCHODOWE 18,00&nbsp;&#122;&#322; ilo\u015b\u0107 SZALIKI SAMOCHODOWE 18,00&nbsp;&#122;&#322; Zaktualizuj koszyk Podaj kupon Podsumowanie Kwota 18,00&nbsp;&#122;&#322; Wysy\u0142ka Dostawa Kurierem Fedex: 20,00&nbsp;&#122;&#322; Odbi\u00f3r osobisty Kurier Fedex za pobraniem: 25,00&nbsp;&#122;&#322; Wysy\u0142ka do: J. Czapskiego, 66-100 Brzezie k. Sulechowa. Zmie\u0144 adres Kraj \/ region: Wybierz kraj\/region&hellip;AfganistanAlbaniaAlgieriaAndoraAngolaAnguillaAntarktydaAntigua i BarbudaArabia SaudyjskaArgentynaArmeniaArubaAustraliaAustriaAzerbejd\u017canBahamyBahrajnBangladeszBarbadosBelauBelgiaBelizeBeninBermudyBhutanBia\u0142oru\u015bBoliwiaBo\u015bnia i HercegowinaBotswanaBrazyliaBrazzavilleBruneiBrytyjskie Terytorium [&hellip;]<\/p>\n","protected":false},"author":1,"featured_media":0,"parent":0,"menu_order":0,"comment_status":"closed","ping_status":"closed","template":"elementor_header_footer","meta":{"footnotes":""},"class_list":["post-10","page","type-page","status-publish","hentry"],"jetpack_sharing_enabled":true,"_links":{"self":[{"href":"https:\/\/sesto.sklep.pl\/index.php\/wp-json\/wp\/v2\/pages\/10","targetHints":{"allow":["GET"]}}],"collection":[{"href":"https:\/\/sesto.sklep.pl\/index.php\/wp-json\/wp\/v2\/pages"}],"about":[{"href":"https:\/\/sesto.sklep.pl\/index.php\/wp-json\/wp\/v2\/types\/page"}],"author":[{"embeddable":true,"href":"https:\/\/sesto.sklep.pl\/index.php\/wp-json\/wp\/v2\/users\/1"}],"replies":[{"embeddable":true,"href":"https:\/\/sesto.sklep.pl\/index.php\/wp-json\/wp\/v2\/comments?post=10"}],"version-history":[{"count":12,"href":"https:\/\/sesto.sklep.pl\/index.php\/wp-json\/wp\/v2\/pages\/10\/revisions"}],"predecessor-version":[{"id":2215,"href":"https:\/\/sesto.sklep.pl\/index.php\/wp-json\/wp\/v2\/pages\/10\/revisions\/2215"}],"wp:attachment":[{"href":"https:\/\/sesto.sklep.pl\/index.php\/wp-json\/wp\/v2\/media?parent=10"}],"curies":[{"name":"wp","href":"https:\/\/api.w.org\/{rel}","templated":true}]}}