{"id":454,"date":"2022-02-16T15:20:59","date_gmt":"2022-02-16T14:20:59","guid":{"rendered":"http:\/\/sesto.sklep.pl\/?post_type=product&#038;p=454"},"modified":"2025-03-18T09:26:03","modified_gmt":"2025-03-18T08:26:03","slug":"zestaw-4","status":"publish","type":"product","link":"http:\/\/sesto.sklep.pl\/index.php\/produkt\/zestaw-4\/","title":{"rendered":"Zestaw 4"},"content":{"rendered":"<p><span id=\"MainContent_vDescription\">Koszulka treningowa Sublimowana<\/span><\/p>\n<ul>\n<li><span id=\"MainContent_vDescription\">Okr\u0105g\u0142y ko\u0142nierzyk z krytymi szwami.<br \/>\n<\/span><\/li>\n<li><span id=\"MainContent_vDescription\">Boczne przeszycia wyko\u0144czone nitk\u0105 w kolorze tkaniny.<\/span> <span id=\"MainContent_vDescriptionSEO\"><\/span><\/li>\n<\/ul>\n<p>Koszulka polo<\/p>\n<ul>\n<li><span id=\"MainContent_vDescription\">Zapi\u0119cie z trzema guzikami<\/span><\/li>\n<li><span id=\"MainContent_vDescription\"> Pr\u0105\u017ckowany ko\u0142nierzyk i mankiety. <\/span><\/li>\n<li><span id=\"MainContent_vDescription\">Wzmocnione kryte szwy przy ko\u0142nierzyku.<\/span><\/li>\n<\/ul>\n<p>&nbsp;<\/p>\n<h4>Koszulka treningowa<\/h4>\n<table width=\"443\">\n<tbody>\n<tr>\n<td colspan=\"7\" width=\"443\">Senior<\/td>\n<\/tr>\n<tr>\n<td width=\"66\">Rozmiar<\/td>\n<td width=\"57\">S<\/td>\n<td width=\"64\">M<\/td>\n<td width=\"64\">L<\/td>\n<td width=\"64\">XL<\/td>\n<td width=\"64\">2XL<\/td>\n<td width=\"64\">3XL<\/td>\n<\/tr>\n<tr>\n<td width=\"66\">Klatka<\/td>\n<td width=\"57\">50<\/td>\n<td width=\"64\">53<\/td>\n<td width=\"64\">56<\/td>\n<td width=\"64\">59<\/td>\n<td width=\"64\">63<\/td>\n<td width=\"64\">66<\/td>\n<\/tr>\n<tr>\n<td width=\"66\">D\u0142ugo\u015b\u0107<\/td>\n<td width=\"57\">69<\/td>\n<td width=\"64\">71<\/td>\n<td width=\"64\">73<\/td>\n<td width=\"64\">75<\/td>\n<td width=\"64\">77<\/td>\n<td width=\"64\">79<\/td>\n<\/tr>\n<\/tbody>\n<\/table>\n<p>&nbsp;<\/p>\n<table width=\"379\">\n<tbody>\n<tr>\n<td colspan=\"6\" width=\"379\">Junior<\/td>\n<\/tr>\n<tr>\n<td width=\"66\">Rozmiar<\/td>\n<td width=\"57\">3\/4<\/td>\n<td width=\"64\">5\/6<\/td>\n<td width=\"64\">7\/8<\/td>\n<td width=\"64\">9\/10<\/td>\n<td width=\"64\">11\/12<\/td>\n<\/tr>\n<tr>\n<td width=\"66\">Klatka<\/td>\n<td width=\"57\">34<\/td>\n<td width=\"64\">37<\/td>\n<td width=\"64\">40<\/td>\n<td width=\"64\">43<\/td>\n<td width=\"64\">47<\/td>\n<\/tr>\n<tr>\n<td width=\"66\">D\u0142ugo\u015b\u0107<\/td>\n<td width=\"57\">44<\/td>\n<td width=\"64\">48<\/td>\n<td width=\"64\">52<\/td>\n<td width=\"64\">56<\/td>\n<td width=\"64\">60<\/td>\n<\/tr>\n<\/tbody>\n<\/table>\n<p>&nbsp;<\/p>\n<h4>Koszulka Polo<\/h4>\n<table width=\"507\">\n<tbody>\n<tr>\n<td colspan=\"8\" width=\"507\">Senior<\/td>\n<\/tr>\n<tr>\n<td width=\"66\">Rozmiar<\/td>\n<td width=\"57\"><\/td>\n<td width=\"64\">S<\/td>\n<td width=\"64\">M<\/td>\n<td width=\"64\">L<\/td>\n<td width=\"64\">XL<\/td>\n<td width=\"64\">XXL<\/td>\n<td width=\"64\">XXXL<\/td>\n<\/tr>\n<tr>\n<td width=\"66\">Klatka<\/td>\n<td width=\"57\"><\/td>\n<td width=\"64\">52<\/td>\n<td width=\"64\">54<\/td>\n<td width=\"64\">56<\/td>\n<td width=\"64\">60<\/td>\n<td width=\"64\">64<\/td>\n<td width=\"64\">66<\/td>\n<\/tr>\n<tr>\n<td width=\"66\">D\u0142ugo\u015b\u0107<\/td>\n<td width=\"57\"><\/td>\n<td width=\"64\">70<\/td>\n<td width=\"64\">72<\/td>\n<td width=\"64\">74<\/td>\n<td width=\"64\">76<\/td>\n<td width=\"64\">82<\/td>\n<td width=\"64\">84<\/td>\n<\/tr>\n<\/tbody>\n<\/table>\n<p>&nbsp;<\/p>\n<table width=\"443\">\n<tbody>\n<tr>\n<td colspan=\"7\" width=\"443\">Junior<\/td>\n<\/tr>\n<tr>\n<td width=\"66\">Rozmiar<\/td>\n<td width=\"57\">1\/2<\/td>\n<td width=\"64\">3\/4<\/td>\n<td width=\"64\">5\/6<\/td>\n<td width=\"64\">7\/8<\/td>\n<td width=\"64\">9\/10<\/td>\n<td width=\"64\">12\/14<\/td>\n<\/tr>\n<tr>\n<td width=\"66\">Klatka<\/td>\n<td width=\"57\">30<\/td>\n<td width=\"64\">33<\/td>\n<td width=\"64\">37<\/td>\n<td width=\"64\">39<\/td>\n<td width=\"64\">42<\/td>\n<td width=\"64\">44<\/td>\n<\/tr>\n<tr>\n<td width=\"66\">D\u0142ugo\u015b\u0107<\/td>\n<td width=\"57\">39<\/td>\n<td width=\"64\">42<\/td>\n<td width=\"64\">46<\/td>\n<td width=\"64\">51<\/td>\n<td width=\"64\">57<\/td>\n<td width=\"64\">64<\/td>\n<\/tr>\n<\/tbody>\n<\/table>\n","protected":false},"excerpt":{"rendered":"<p>Zestaw treningowo reprezentacyjny zawieraj\u0105cy koszulk\u0119 treningow\u0105 oraz koszulk\u0119 polo w kt\u00f3rej \u015bmia\u0142o przyjdziesz na mecz.<\/p>\n","protected":false},"featured_media":4164,"comment_status":"open","ping_status":"closed","template":"","meta":[],"product_brand":[],"product_cat":[40,67],"product_tag":[],"class_list":{"0":"post-454","1":"product","2":"type-product","3":"status-publish","4":"has-post-thumbnail","6":"product_cat-zestawy","7":"product_cat-zestawy-treningowe","9":"first","10":"instock","11":"taxable","12":"shipping-taxable","13":"purchasable","14":"product-type-variable"},"jetpack_sharing_enabled":true,"_links":{"self":[{"href":"http:\/\/sesto.sklep.pl\/index.php\/wp-json\/wp\/v2\/product\/454","targetHints":{"allow":["GET"]}}],"collection":[{"href":"http:\/\/sesto.sklep.pl\/index.php\/wp-json\/wp\/v2\/product"}],"about":[{"href":"http:\/\/sesto.sklep.pl\/index.php\/wp-json\/wp\/v2\/types\/product"}],"replies":[{"embeddable":true,"href":"http:\/\/sesto.sklep.pl\/index.php\/wp-json\/wp\/v2\/comments?post=454"}],"version-history":[{"count":8,"href":"http:\/\/sesto.sklep.pl\/index.php\/wp-json\/wp\/v2\/product\/454\/revisions"}],"predecessor-version":[{"id":4165,"href":"http:\/\/sesto.sklep.pl\/index.php\/wp-json\/wp\/v2\/product\/454\/revisions\/4165"}],"wp:featuredmedia":[{"embeddable":true,"href":"http:\/\/sesto.sklep.pl\/index.php\/wp-json\/wp\/v2\/media\/4164"}],"wp:attachment":[{"href":"http:\/\/sesto.sklep.pl\/index.php\/wp-json\/wp\/v2\/media?parent=454"}],"wp:term":[{"taxonomy":"product_brand","embeddable":true,"href":"http:\/\/sesto.sklep.pl\/index.php\/wp-json\/wp\/v2\/product_brand?post=454"},{"taxonomy":"product_cat","embeddable":true,"href":"http:\/\/sesto.sklep.pl\/index.php\/wp-json\/wp\/v2\/product_cat?post=454"},{"taxonomy":"product_tag","embeddable":true,"href":"http:\/\/sesto.sklep.pl\/index.php\/wp-json\/wp\/v2\/product_tag?post=454"}],"curies":[{"name":"wp","href":"https:\/\/api.w.org\/{rel}","templated":true}]}}