{"id":3911,"date":"2025-03-01T16:31:52","date_gmt":"2025-03-01T15:31:52","guid":{"rendered":"https:\/\/sesto.sklep.pl\/?post_type=product&#038;p=3911"},"modified":"2025-03-18T09:04:21","modified_gmt":"2025-03-18T08:04:21","slug":"oznacznik-sublimowany","status":"publish","type":"product","link":"http:\/\/sesto.sklep.pl\/index.php\/produkt\/oznacznik-sublimowany\/","title":{"rendered":"Oznacznik Sublimowany"},"content":{"rendered":"<h2><span style=\"font-size: 16px;\">Sublimacja<\/span><\/h2>\n<div class=\"col-md-6 text-box\">\n<p>Niezwyk\u0142\u0105 technologia znakowania odzie\u017cy kt\u00f3ra ingeruje bezpo\u015brednio w materia\u0142 bazowy, u\u017cywany do szycia naszych koszulek. Wszystkie nadruki \u0142\u0105cznie z numerem nazwiskiem i herbem s\u0105 integraln\u0105 cz\u0119\u015bci\u0105 koszulki, nie spior\u0105 si\u0119 i nie zerw\u0105, a do tego przepuszczaj\u0105 powietrze.<\/p>\n<\/div>\n<h2>Zam\u00f3wienie<\/h2>\n<p>Podstawowe informacje takie jak kolorystyka, ilo\u015b\u0107 koszulek i kszta\u0142t st\u00f3jki, wybierzecie Pa\u0144stwo przy zam\u00f3wieni. Dalsze informacje takie jak rozmiary, to po z\u0142o\u017ceniu zam\u00f3wienia dostaniecie Pa\u0144stwo od nas wiadomo\u015b\u0107 mailow\u0105 z formularzem do wyp\u0142onienia, w kt\u00f3rym wypiszecie rozmiary, numery, nazwiska\/ksywy oraz rozmieszczenie sponsor\u00f3w na koszulce.<\/p>\n<h2>Indywidualny projekt<\/h2>\n<p>Opr\u00f3cz podstawowych modeli kt\u00f3re widzicie Pa\u0144stwo na naszej stronie, mo\u017cemy r\u00f3wnie\u017c wykona\u0107 dla was indywidualny projekt koszulki lub innej odzie\u017cy produkowanej przez nasz\u0105 firm\u0119.<\/p>\n","protected":false},"excerpt":{"rendered":"<p>Oznacznik treningowy z herbem klubu i z miejscem na logo sponsora\/partnera. Niech Twoja dru\u017cyna wyr\u00f3\u017cnia si\u0119 nawet podczas trenowania. Znaczniki \u015bwietnie si\u0119 te\u017c nadaj\u0105 dla graczy graj\u0105cych na hali. \/ Torba sportowa z podw\u00f3jn\u0105 r\u0105czk\u0105 i d\u0142ugim regulowanym paskiem do zawieszenia. Torba g\u0142\u00f3wna z podw\u00f3jnym zamkiem. Wyjmowana kiesze\u0144 na buty, przeciwwilgociowa,.<\/p>\n","protected":false},"featured_media":3930,"comment_status":"open","ping_status":"closed","template":"","meta":[],"product_brand":[],"product_cat":[22],"product_tag":[],"class_list":{"0":"post-3911","1":"product","2":"type-product","3":"status-publish","4":"has-post-thumbnail","6":"product_cat-tre","8":"first","9":"instock","10":"taxable","11":"shipping-taxable","12":"purchasable","13":"product-type-variable"},"jetpack_sharing_enabled":true,"_links":{"self":[{"href":"http:\/\/sesto.sklep.pl\/index.php\/wp-json\/wp\/v2\/product\/3911","targetHints":{"allow":["GET"]}}],"collection":[{"href":"http:\/\/sesto.sklep.pl\/index.php\/wp-json\/wp\/v2\/product"}],"about":[{"href":"http:\/\/sesto.sklep.pl\/index.php\/wp-json\/wp\/v2\/types\/product"}],"replies":[{"embeddable":true,"href":"http:\/\/sesto.sklep.pl\/index.php\/wp-json\/wp\/v2\/comments?post=3911"}],"version-history":[{"count":1,"href":"http:\/\/sesto.sklep.pl\/index.php\/wp-json\/wp\/v2\/product\/3911\/revisions"}],"predecessor-version":[{"id":3920,"href":"http:\/\/sesto.sklep.pl\/index.php\/wp-json\/wp\/v2\/product\/3911\/revisions\/3920"}],"wp:featuredmedia":[{"embeddable":true,"href":"http:\/\/sesto.sklep.pl\/index.php\/wp-json\/wp\/v2\/media\/3930"}],"wp:attachment":[{"href":"http:\/\/sesto.sklep.pl\/index.php\/wp-json\/wp\/v2\/media?parent=3911"}],"wp:term":[{"taxonomy":"product_brand","embeddable":true,"href":"http:\/\/sesto.sklep.pl\/index.php\/wp-json\/wp\/v2\/product_brand?post=3911"},{"taxonomy":"product_cat","embeddable":true,"href":"http:\/\/sesto.sklep.pl\/index.php\/wp-json\/wp\/v2\/product_cat?post=3911"},{"taxonomy":"product_tag","embeddable":true,"href":"http:\/\/sesto.sklep.pl\/index.php\/wp-json\/wp\/v2\/product_tag?post=3911"}],"curies":[{"name":"wp","href":"https:\/\/api.w.org\/{rel}","templated":true}]}}