{"id":384,"date":"2022-02-15T11:56:02","date_gmt":"2022-02-15T10:56:02","guid":{"rendered":"http:\/\/sesto.sklep.pl\/?post_type=product&#038;p=384"},"modified":"2023-02-07T13:54:22","modified_gmt":"2023-02-07T12:54:22","slug":"worek-na-buty-2","status":"publish","type":"product","link":"http:\/\/sesto.sklep.pl\/index.php\/produkt\/worek-na-buty-2\/","title":{"rendered":"WOREK NA BUTY"},"content":{"rendered":"<p>Worek na buty z herbem Twojego klubu, akademii lub szk\u00f3\u0142ki! \u015awietny gad\u017cet dla najm\u0142odszych kibic\u00f3w, dla junior\u00f3w i dla m\u0142odzie\u017cy.<\/p>\n","protected":false},"excerpt":{"rendered":"<p>Worek na buty z herbem Twojej dru\u017cyny, akademii, szk\u00f3\u0142ki pi\u0142karskiej! \u015awietny gad\u017cet dla junior\u00f3w i m\u0142odzie\u017cy! Worki doskonale si\u0119 nadaj\u0105 do promocji Twojego klubu, szk\u00f3\u0142ki, akademii w\u015br\u00f3d najm\u0142odszych!<\/p>\n","protected":false},"featured_media":492,"comment_status":"open","ping_status":"closed","template":"","meta":[],"product_brand":[],"product_cat":[39],"product_tag":[],"class_list":{"0":"post-384","1":"product","2":"type-product","3":"status-publish","4":"has-post-thumbnail","6":"product_cat-gadzety-2","8":"first","9":"instock","10":"taxable","11":"shipping-taxable","12":"purchasable","13":"product-type-simple"},"jetpack_sharing_enabled":true,"_links":{"self":[{"href":"http:\/\/sesto.sklep.pl\/index.php\/wp-json\/wp\/v2\/product\/384","targetHints":{"allow":["GET"]}}],"collection":[{"href":"http:\/\/sesto.sklep.pl\/index.php\/wp-json\/wp\/v2\/product"}],"about":[{"href":"http:\/\/sesto.sklep.pl\/index.php\/wp-json\/wp\/v2\/types\/product"}],"replies":[{"embeddable":true,"href":"http:\/\/sesto.sklep.pl\/index.php\/wp-json\/wp\/v2\/comments?post=384"}],"version-history":[{"count":1,"href":"http:\/\/sesto.sklep.pl\/index.php\/wp-json\/wp\/v2\/product\/384\/revisions"}],"predecessor-version":[{"id":2430,"href":"http:\/\/sesto.sklep.pl\/index.php\/wp-json\/wp\/v2\/product\/384\/revisions\/2430"}],"wp:featuredmedia":[{"embeddable":true,"href":"http:\/\/sesto.sklep.pl\/index.php\/wp-json\/wp\/v2\/media\/492"}],"wp:attachment":[{"href":"http:\/\/sesto.sklep.pl\/index.php\/wp-json\/wp\/v2\/media?parent=384"}],"wp:term":[{"taxonomy":"product_brand","embeddable":true,"href":"http:\/\/sesto.sklep.pl\/index.php\/wp-json\/wp\/v2\/product_brand?post=384"},{"taxonomy":"product_cat","embeddable":true,"href":"http:\/\/sesto.sklep.pl\/index.php\/wp-json\/wp\/v2\/product_cat?post=384"},{"taxonomy":"product_tag","embeddable":true,"href":"http:\/\/sesto.sklep.pl\/index.php\/wp-json\/wp\/v2\/product_tag?post=384"}],"curies":[{"name":"wp","href":"https:\/\/api.w.org\/{rel}","templated":true}]}}