{"id":3785,"date":"2025-03-01T15:41:45","date_gmt":"2025-03-01T14:41:45","guid":{"rendered":"https:\/\/sesto.sklep.pl\/?post_type=product&#038;p=3785"},"modified":"2026-02-02T10:02:18","modified_gmt":"2026-02-02T09:02:18","slug":"dres-wyjsciowa-gufo","status":"publish","type":"product","link":"http:\/\/sesto.sklep.pl\/index.php\/produkt\/dres-wyjsciowa-gufo\/","title":{"rendered":"Dres Wyj\u015bciowa &#8211; Gufo"},"content":{"rendered":"","protected":false},"excerpt":{"rendered":"<p>Bluza reprezentacyjna o gramaturze 240 g\/m\u00b2 zapewnia wygod\u0119 i trwa\u0142o\u015b\u0107. Oddychaj\u0105cy materia\u0142 skutecznie odprowadza wilgo\u0107, a dopasowany kr\u00f3j podkre\u015bla sportowy styl. Idealna na ch\u0142odniejsze dni, wytrzyma\u0142a i odporna na pranie, doskonale sprawdzi si\u0119 jako oficjalny str\u00f3j dru\u017cynowy.<\/p>\n","protected":false},"featured_media":4778,"comment_status":"open","ping_status":"closed","template":"","meta":[],"product_brand":[],"product_cat":[88,52],"product_tag":[],"class_list":{"0":"post-3785","1":"product","2":"type-product","3":"status-publish","4":"has-post-thumbnail","6":"product_cat-dres-wyjsciowy","7":"product_cat-mecz","9":"first","10":"instock","11":"taxable","12":"shipping-taxable","13":"purchasable","14":"product-type-variable"},"jetpack_sharing_enabled":true,"_links":{"self":[{"href":"http:\/\/sesto.sklep.pl\/index.php\/wp-json\/wp\/v2\/product\/3785","targetHints":{"allow":["GET"]}}],"collection":[{"href":"http:\/\/sesto.sklep.pl\/index.php\/wp-json\/wp\/v2\/product"}],"about":[{"href":"http:\/\/sesto.sklep.pl\/index.php\/wp-json\/wp\/v2\/types\/product"}],"replies":[{"embeddable":true,"href":"http:\/\/sesto.sklep.pl\/index.php\/wp-json\/wp\/v2\/comments?post=3785"}],"version-history":[{"count":1,"href":"http:\/\/sesto.sklep.pl\/index.php\/wp-json\/wp\/v2\/product\/3785\/revisions"}],"predecessor-version":[{"id":3798,"href":"http:\/\/sesto.sklep.pl\/index.php\/wp-json\/wp\/v2\/product\/3785\/revisions\/3798"}],"wp:featuredmedia":[{"embeddable":true,"href":"http:\/\/sesto.sklep.pl\/index.php\/wp-json\/wp\/v2\/media\/4778"}],"wp:attachment":[{"href":"http:\/\/sesto.sklep.pl\/index.php\/wp-json\/wp\/v2\/media?parent=3785"}],"wp:term":[{"taxonomy":"product_brand","embeddable":true,"href":"http:\/\/sesto.sklep.pl\/index.php\/wp-json\/wp\/v2\/product_brand?post=3785"},{"taxonomy":"product_cat","embeddable":true,"href":"http:\/\/sesto.sklep.pl\/index.php\/wp-json\/wp\/v2\/product_cat?post=3785"},{"taxonomy":"product_tag","embeddable":true,"href":"http:\/\/sesto.sklep.pl\/index.php\/wp-json\/wp\/v2\/product_tag?post=3785"}],"curies":[{"name":"wp","href":"https:\/\/api.w.org\/{rel}","templated":true}]}}