{"id":378,"date":"2022-02-15T12:28:32","date_gmt":"2022-02-15T11:28:32","guid":{"rendered":"http:\/\/sesto.sklep.pl\/?post_type=product&#038;p=378"},"modified":"2024-11-10T22:38:48","modified_gmt":"2024-11-10T21:38:48","slug":"proporczyki","status":"publish","type":"product","link":"http:\/\/sesto.sklep.pl\/index.php\/produkt\/proporczyki\/","title":{"rendered":"PROPORCZYKI"},"content":{"rendered":"<p style=\"text-align: center;\">Wr\u0119czaj proporczyki z herbem Twojego klubu wszystkim Twoim rywalom, jest to \u015bwietny podarunek przed meczowy! Buduj relacje z innymi klubami takim ma\u0142ym gestem!<\/p>\n<h3 style=\"text-align: center;\">Przyk\u0142adowe realizacje<\/h3>\n<p style=\"text-align: left;\"><img fetchpriority=\"high\" decoding=\"async\" class=\"size-medium wp-image-675 alignleft\" src=\"http:\/\/sesto.sklep.pl\/wp-content\/uploads\/2022\/02\/lechia-300x300.png\" alt=\"\" width=\"300\" height=\"300\" srcset=\"http:\/\/sesto.sklep.pl\/wp-content\/uploads\/2022\/02\/lechia-300x300.png 300w, http:\/\/sesto.sklep.pl\/wp-content\/uploads\/2022\/02\/lechia-150x150.png 150w, http:\/\/sesto.sklep.pl\/wp-content\/uploads\/2022\/02\/lechia-768x768.png 768w, http:\/\/sesto.sklep.pl\/wp-content\/uploads\/2022\/02\/lechia-600x600.png 600w, http:\/\/sesto.sklep.pl\/wp-content\/uploads\/2022\/02\/lechia-100x100.png 100w, http:\/\/sesto.sklep.pl\/wp-content\/uploads\/2022\/02\/lechia.png 900w\" sizes=\"(max-width: 300px) 100vw, 300px\" \/> <img decoding=\"async\" class=\"size-medium wp-image-676 alignleft lazyload\" data-src=\"http:\/\/sesto.sklep.pl\/wp-content\/uploads\/2022\/02\/pzteq-300x300.png\" alt=\"\" width=\"300\" height=\"300\" data-srcset=\"http:\/\/sesto.sklep.pl\/wp-content\/uploads\/2022\/02\/pzteq-300x300.png 300w, http:\/\/sesto.sklep.pl\/wp-content\/uploads\/2022\/02\/pzteq-150x150.png 150w, http:\/\/sesto.sklep.pl\/wp-content\/uploads\/2022\/02\/pzteq-768x768.png 768w, http:\/\/sesto.sklep.pl\/wp-content\/uploads\/2022\/02\/pzteq-600x600.png 600w, http:\/\/sesto.sklep.pl\/wp-content\/uploads\/2022\/02\/pzteq-100x100.png 100w, http:\/\/sesto.sklep.pl\/wp-content\/uploads\/2022\/02\/pzteq.png 900w\" data-sizes=\"(max-width: 300px) 100vw, 300px\" src=\"data:image\/gif;base64,R0lGODlhAQABAAAAACH5BAEKAAEALAAAAAABAAEAAAICTAEAOw==\" style=\"--smush-placeholder-width: 300px; --smush-placeholder-aspect-ratio: 300\/300;\" \/>\u00a0<img decoding=\"async\" class=\"size-medium wp-image-679 alignleft lazyload\" data-src=\"http:\/\/sesto.sklep.pl\/wp-content\/uploads\/2022\/02\/helios-300x300.png\" alt=\"\" width=\"300\" height=\"300\" data-srcset=\"http:\/\/sesto.sklep.pl\/wp-content\/uploads\/2022\/02\/helios-300x300.png 300w, http:\/\/sesto.sklep.pl\/wp-content\/uploads\/2022\/02\/helios-1024x1024.png 1024w, http:\/\/sesto.sklep.pl\/wp-content\/uploads\/2022\/02\/helios-150x150.png 150w, http:\/\/sesto.sklep.pl\/wp-content\/uploads\/2022\/02\/helios-768x768.png 768w, http:\/\/sesto.sklep.pl\/wp-content\/uploads\/2022\/02\/helios-600x600.png 600w, http:\/\/sesto.sklep.pl\/wp-content\/uploads\/2022\/02\/helios-100x100.png 100w, http:\/\/sesto.sklep.pl\/wp-content\/uploads\/2022\/02\/helios.png 1200w\" data-sizes=\"(max-width: 300px) 100vw, 300px\" src=\"data:image\/gif;base64,R0lGODlhAQABAAAAACH5BAEKAAEALAAAAAABAAEAAAICTAEAOw==\" style=\"--smush-placeholder-width: 300px; --smush-placeholder-aspect-ratio: 300\/300;\" \/> <img decoding=\"async\" class=\"size-medium wp-image-680 alignleft lazyload\" data-src=\"http:\/\/sesto.sklep.pl\/wp-content\/uploads\/2022\/02\/lech-300x300.png\" alt=\"\" width=\"300\" height=\"300\" data-srcset=\"http:\/\/sesto.sklep.pl\/wp-content\/uploads\/2022\/02\/lech-300x300.png 300w, http:\/\/sesto.sklep.pl\/wp-content\/uploads\/2022\/02\/lech-1024x1024.png 1024w, http:\/\/sesto.sklep.pl\/wp-content\/uploads\/2022\/02\/lech-150x150.png 150w, http:\/\/sesto.sklep.pl\/wp-content\/uploads\/2022\/02\/lech-768x768.png 768w, http:\/\/sesto.sklep.pl\/wp-content\/uploads\/2022\/02\/lech-600x600.png 600w, http:\/\/sesto.sklep.pl\/wp-content\/uploads\/2022\/02\/lech-100x100.png 100w, http:\/\/sesto.sklep.pl\/wp-content\/uploads\/2022\/02\/lech.png 1200w\" data-sizes=\"(max-width: 300px) 100vw, 300px\" src=\"data:image\/gif;base64,R0lGODlhAQABAAAAACH5BAEKAAEALAAAAAABAAEAAAICTAEAOw==\" style=\"--smush-placeholder-width: 300px; --smush-placeholder-aspect-ratio: 300\/300;\" \/><\/p>\n<p style=\"text-align: left;\"><img decoding=\"async\" class=\"alignnone size-medium wp-image-677 lazyload\" data-src=\"http:\/\/sesto.sklep.pl\/wp-content\/uploads\/2022\/02\/wizu-4-300x300.png\" alt=\"\" width=\"300\" height=\"300\" data-srcset=\"http:\/\/sesto.sklep.pl\/wp-content\/uploads\/2022\/02\/wizu-4-300x300.png 300w, http:\/\/sesto.sklep.pl\/wp-content\/uploads\/2022\/02\/wizu-4-1024x1024.png 1024w, http:\/\/sesto.sklep.pl\/wp-content\/uploads\/2022\/02\/wizu-4-150x150.png 150w, http:\/\/sesto.sklep.pl\/wp-content\/uploads\/2022\/02\/wizu-4-768x768.png 768w, http:\/\/sesto.sklep.pl\/wp-content\/uploads\/2022\/02\/wizu-4-600x600.png 600w, http:\/\/sesto.sklep.pl\/wp-content\/uploads\/2022\/02\/wizu-4-100x100.png 100w, http:\/\/sesto.sklep.pl\/wp-content\/uploads\/2022\/02\/wizu-4.png 1200w\" data-sizes=\"(max-width: 300px) 100vw, 300px\" src=\"data:image\/gif;base64,R0lGODlhAQABAAAAACH5BAEKAAEALAAAAAABAAEAAAICTAEAOw==\" style=\"--smush-placeholder-width: 300px; --smush-placeholder-aspect-ratio: 300\/300;\" \/><img decoding=\"async\" class=\"alignnone size-medium wp-image-685 lazyload\" data-src=\"http:\/\/sesto.sklep.pl\/wp-content\/uploads\/2022\/02\/delta-300x300.png\" alt=\"\" width=\"300\" height=\"300\" data-srcset=\"http:\/\/sesto.sklep.pl\/wp-content\/uploads\/2022\/02\/delta-300x300.png 300w, http:\/\/sesto.sklep.pl\/wp-content\/uploads\/2022\/02\/delta-1024x1024.png 1024w, http:\/\/sesto.sklep.pl\/wp-content\/uploads\/2022\/02\/delta-150x150.png 150w, http:\/\/sesto.sklep.pl\/wp-content\/uploads\/2022\/02\/delta-768x768.png 768w, http:\/\/sesto.sklep.pl\/wp-content\/uploads\/2022\/02\/delta-600x600.png 600w, http:\/\/sesto.sklep.pl\/wp-content\/uploads\/2022\/02\/delta-100x100.png 100w, http:\/\/sesto.sklep.pl\/wp-content\/uploads\/2022\/02\/delta.png 1200w\" data-sizes=\"(max-width: 300px) 100vw, 300px\" src=\"data:image\/gif;base64,R0lGODlhAQABAAAAACH5BAEKAAEALAAAAAABAAEAAAICTAEAOw==\" style=\"--smush-placeholder-width: 300px; --smush-placeholder-aspect-ratio: 300\/300;\" \/><\/p>\n","protected":false},"excerpt":{"rendered":"<div id=\"tab-description\" class=\"woocommerce-Tabs-panel woocommerce-Tabs-panel--description panel entry-content wc-tab\" role=\"tabpanel\" aria-labelledby=\"tab-title-description\">\n<p>Proporczyki z herbem klubu sportowego, z dowolnym nadrukiem. Proporczyki to \u015bwietny gad\u017cet do budowania relacji mi\u0119dzy klubami. Proporczyki zbieraj\u0105 te\u017c wszyscy gad\u017ceciarze, wi\u0119c warto, \u017ceby\u015b zaproponowa\u0142 je swoim kibicom!<\/p>\n<\/div>\n","protected":false},"featured_media":494,"comment_status":"open","ping_status":"closed","template":"","meta":[],"product_brand":[],"product_cat":[39],"product_tag":[],"class_list":{"0":"post-378","1":"product","2":"type-product","3":"status-publish","4":"has-post-thumbnail","6":"product_cat-gadzety-2","8":"first","9":"instock","10":"taxable","11":"shipping-taxable","12":"purchasable","13":"product-type-simple"},"jetpack_sharing_enabled":true,"_links":{"self":[{"href":"http:\/\/sesto.sklep.pl\/index.php\/wp-json\/wp\/v2\/product\/378","targetHints":{"allow":["GET"]}}],"collection":[{"href":"http:\/\/sesto.sklep.pl\/index.php\/wp-json\/wp\/v2\/product"}],"about":[{"href":"http:\/\/sesto.sklep.pl\/index.php\/wp-json\/wp\/v2\/types\/product"}],"replies":[{"embeddable":true,"href":"http:\/\/sesto.sklep.pl\/index.php\/wp-json\/wp\/v2\/comments?post=378"}],"version-history":[{"count":7,"href":"http:\/\/sesto.sklep.pl\/index.php\/wp-json\/wp\/v2\/product\/378\/revisions"}],"predecessor-version":[{"id":493,"href":"http:\/\/sesto.sklep.pl\/index.php\/wp-json\/wp\/v2\/product\/378\/revisions\/493"}],"wp:featuredmedia":[{"embeddable":true,"href":"http:\/\/sesto.sklep.pl\/index.php\/wp-json\/wp\/v2\/media\/494"}],"wp:attachment":[{"href":"http:\/\/sesto.sklep.pl\/index.php\/wp-json\/wp\/v2\/media?parent=378"}],"wp:term":[{"taxonomy":"product_brand","embeddable":true,"href":"http:\/\/sesto.sklep.pl\/index.php\/wp-json\/wp\/v2\/product_brand?post=378"},{"taxonomy":"product_cat","embeddable":true,"href":"http:\/\/sesto.sklep.pl\/index.php\/wp-json\/wp\/v2\/product_cat?post=378"},{"taxonomy":"product_tag","embeddable":true,"href":"http:\/\/sesto.sklep.pl\/index.php\/wp-json\/wp\/v2\/product_tag?post=378"}],"curies":[{"name":"wp","href":"https:\/\/api.w.org\/{rel}","templated":true}]}}