{"id":375,"date":"2022-02-15T12:22:30","date_gmt":"2022-02-15T11:22:30","guid":{"rendered":"http:\/\/sesto.sklep.pl\/?post_type=product&#038;p=375"},"modified":"2022-02-21T09:04:50","modified_gmt":"2022-02-21T08:04:50","slug":"mini-koszulki","status":"publish","type":"product","link":"http:\/\/sesto.sklep.pl\/index.php\/produkt\/mini-koszulki\/","title":{"rendered":"MINI KOSZULKI"},"content":{"rendered":"<div id=\"tab-description\" class=\"woocommerce-Tabs-panel woocommerce-Tabs-panel--description panel entry-content wc-tab\" role=\"tabpanel\" aria-labelledby=\"tab-title-description\">\n<p>MINI Koszulki Twojego klubu sportowego lub akademii sportowej! Idealny gad\u017cet dla kibic\u00f3w, do zawieszenia w samochodzie lub np. na lod\u00f3wce! Poszerz gam\u0119 gad\u017cet\u00f3w dla kibic\u00f3w o mini koszulki Twojego klubu.<\/p>\n<\/div>\n","protected":false},"excerpt":{"rendered":"<p>MINI Koszulki Twojego klubu sportowego lub akademii sportowej! Idealny gad\u017cet dla kibic\u00f3w, do zawieszenia w samochodzie lub np. na lod\u00f3wce! Poszerz gam\u0119 gad\u017cet\u00f3w dla kibic\u00f3w o mini koszulki Twojego klubu.<\/p>\n","protected":false},"featured_media":504,"comment_status":"open","ping_status":"closed","template":"","meta":[],"product_brand":[],"product_cat":[39],"product_tag":[],"class_list":{"0":"post-375","1":"product","2":"type-product","3":"status-publish","4":"has-post-thumbnail","6":"product_cat-gadzety-2","8":"first","9":"instock","10":"taxable","11":"shipping-taxable","12":"purchasable","13":"product-type-simple"},"jetpack_sharing_enabled":true,"_links":{"self":[{"href":"http:\/\/sesto.sklep.pl\/index.php\/wp-json\/wp\/v2\/product\/375","targetHints":{"allow":["GET"]}}],"collection":[{"href":"http:\/\/sesto.sklep.pl\/index.php\/wp-json\/wp\/v2\/product"}],"about":[{"href":"http:\/\/sesto.sklep.pl\/index.php\/wp-json\/wp\/v2\/types\/product"}],"replies":[{"embeddable":true,"href":"http:\/\/sesto.sklep.pl\/index.php\/wp-json\/wp\/v2\/comments?post=375"}],"version-history":[{"count":1,"href":"http:\/\/sesto.sklep.pl\/index.php\/wp-json\/wp\/v2\/product\/375\/revisions"}],"predecessor-version":[{"id":641,"href":"http:\/\/sesto.sklep.pl\/index.php\/wp-json\/wp\/v2\/product\/375\/revisions\/641"}],"wp:featuredmedia":[{"embeddable":true,"href":"http:\/\/sesto.sklep.pl\/index.php\/wp-json\/wp\/v2\/media\/504"}],"wp:attachment":[{"href":"http:\/\/sesto.sklep.pl\/index.php\/wp-json\/wp\/v2\/media?parent=375"}],"wp:term":[{"taxonomy":"product_brand","embeddable":true,"href":"http:\/\/sesto.sklep.pl\/index.php\/wp-json\/wp\/v2\/product_brand?post=375"},{"taxonomy":"product_cat","embeddable":true,"href":"http:\/\/sesto.sklep.pl\/index.php\/wp-json\/wp\/v2\/product_cat?post=375"},{"taxonomy":"product_tag","embeddable":true,"href":"http:\/\/sesto.sklep.pl\/index.php\/wp-json\/wp\/v2\/product_tag?post=375"}],"curies":[{"name":"wp","href":"https:\/\/api.w.org\/{rel}","templated":true}]}}