{"id":2423,"date":"2023-02-07T11:48:01","date_gmt":"2023-02-07T10:48:01","guid":{"rendered":"https:\/\/sesto.sklep.pl\/?post_type=product&#038;p=2423"},"modified":"2025-03-18T09:18:02","modified_gmt":"2025-03-18T08:18:02","slug":"ortalion","status":"publish","type":"product","link":"http:\/\/sesto.sklep.pl\/index.php\/produkt\/ortalion\/","title":{"rendered":"Ortalion"},"content":{"rendered":"<ul>\n<li>Zamek b\u0142yskawiczny z os\u0142on\u0105 podbr\u00f3dka.<\/li>\n<li>Przednie kieszenie wyko\u0144czone odblaskow\u0105 lam\u00f3wk\u0105.<\/li>\n<li>Tylna kiesze\u0144 zamykana na rzep.<\/li>\n<li>Mankiety oraz d\u00f3\u0142 p\u0142aszcza wyko\u0144czone kontrastuj\u0105cym elastycznym \u015bci\u0105gaczem.<\/li>\n<li>Wn\u0119trze kaptura wyko\u0144czone podszewk\u0105, kryte szwy.<\/li>\n<\/ul>\n<p>Senior<\/p>\n<table width=\"403\">\n<tbody>\n<tr>\n<td width=\"83\"><\/td>\n<td width=\"64\">S<\/td>\n<td width=\"64\">M<\/td>\n<td width=\"64\">L<\/td>\n<td width=\"64\">XL<\/td>\n<td width=\"64\">XXL<\/td>\n<\/tr>\n<tr>\n<td>szeroko\u015b\u0107<\/td>\n<td>54<\/td>\n<td>57<\/td>\n<td>60<\/td>\n<td>63<\/td>\n<td>66<\/td>\n<\/tr>\n<tr>\n<td>wysoko\u015b\u0107<\/td>\n<td>65<\/td>\n<td>68<\/td>\n<td>71<\/td>\n<td>74<\/td>\n<td>77<\/td>\n<\/tr>\n<\/tbody>\n<\/table>\n<p>Junior<\/p>\n<table width=\"467\">\n<tbody>\n<tr>\n<td width=\"83\"><\/td>\n<td width=\"64\">122<\/td>\n<td width=\"64\">130<\/td>\n<td width=\"64\">134<\/td>\n<td width=\"64\">140<\/td>\n<td width=\"64\">146<\/td>\n<td width=\"64\">158<\/td>\n<\/tr>\n<tr>\n<td>szeroko\u015b\u0107<\/td>\n<td>37<\/td>\n<td>40<\/td>\n<td>43<\/td>\n<td>46<\/td>\n<td>49<\/td>\n<td>52<\/td>\n<\/tr>\n<tr>\n<td>wysoko\u015b\u0107<\/td>\n<td>44<\/td>\n<td>47<\/td>\n<td>50<\/td>\n<td>53<\/td>\n<td>56<\/td>\n<td>59<\/td>\n<\/tr>\n<\/tbody>\n<\/table>\n","protected":false},"excerpt":{"rendered":"<p>Wy\u015bcie\u0142ana Ciep\u0142a kurtka w sam raz na listopadowe mecze oraz zimowe przygotowania do nowej rundy. Nie tylko ogrzeje ale te\u017c wygl\u0105da efektownie<\/p>\n","protected":false},"featured_media":2427,"comment_status":"open","ping_status":"closed","template":"","meta":[],"product_brand":[],"product_cat":[72,29],"product_tag":[],"class_list":{"0":"post-2423","1":"product","2":"type-product","3":"status-publish","4":"has-post-thumbnail","6":"product_cat-jesien-zima","7":"product_cat-kurtki","9":"first","10":"instock","11":"taxable","12":"shipping-taxable","13":"purchasable","14":"product-type-variable"},"jetpack_sharing_enabled":true,"_links":{"self":[{"href":"http:\/\/sesto.sklep.pl\/index.php\/wp-json\/wp\/v2\/product\/2423","targetHints":{"allow":["GET"]}}],"collection":[{"href":"http:\/\/sesto.sklep.pl\/index.php\/wp-json\/wp\/v2\/product"}],"about":[{"href":"http:\/\/sesto.sklep.pl\/index.php\/wp-json\/wp\/v2\/types\/product"}],"replies":[{"embeddable":true,"href":"http:\/\/sesto.sklep.pl\/index.php\/wp-json\/wp\/v2\/comments?post=2423"}],"version-history":[{"count":1,"href":"http:\/\/sesto.sklep.pl\/index.php\/wp-json\/wp\/v2\/product\/2423\/revisions"}],"predecessor-version":[{"id":2429,"href":"http:\/\/sesto.sklep.pl\/index.php\/wp-json\/wp\/v2\/product\/2423\/revisions\/2429"}],"wp:featuredmedia":[{"embeddable":true,"href":"http:\/\/sesto.sklep.pl\/index.php\/wp-json\/wp\/v2\/media\/2427"}],"wp:attachment":[{"href":"http:\/\/sesto.sklep.pl\/index.php\/wp-json\/wp\/v2\/media?parent=2423"}],"wp:term":[{"taxonomy":"product_brand","embeddable":true,"href":"http:\/\/sesto.sklep.pl\/index.php\/wp-json\/wp\/v2\/product_brand?post=2423"},{"taxonomy":"product_cat","embeddable":true,"href":"http:\/\/sesto.sklep.pl\/index.php\/wp-json\/wp\/v2\/product_cat?post=2423"},{"taxonomy":"product_tag","embeddable":true,"href":"http:\/\/sesto.sklep.pl\/index.php\/wp-json\/wp\/v2\/product_tag?post=2423"}],"curies":[{"name":"wp","href":"https:\/\/api.w.org\/{rel}","templated":true}]}}