{"id":2254,"date":"2023-01-04T07:34:47","date_gmt":"2023-01-04T06:34:47","guid":{"rendered":"http:\/\/sesto.sklep.pl\/?post_type=product&#038;p=2254"},"modified":"2025-03-18T09:18:39","modified_gmt":"2025-03-18T08:18:39","slug":"dres-4","status":"publish","type":"product","link":"http:\/\/sesto.sklep.pl\/index.php\/produkt\/dres-4\/","title":{"rendered":"Dres Reglan &#8211; Puma"},"content":{"rendered":"","protected":false},"excerpt":{"rendered":"<p>Dres treningowy reglanowy z kr\u00f3tkim zamkiem, wykonany z poliestru 190 g\/m\u00b2, zapewnia wygod\u0119 i swobod\u0119 ruch\u00f3w. Lekki, oddychaj\u0105cy materia\u0142 odprowadza wilgo\u0107, a kr\u00f3tki zamek umo\u017cliwia regulacj\u0119 wentylacji. Wytrzyma\u0142y, odporny na pranie, idealny do intensywnych trening\u00f3w i sportowych aktywno\u015bci.<\/p>\n","protected":false},"featured_media":3590,"comment_status":"open","ping_status":"closed","template":"","meta":[],"product_brand":[],"product_cat":[21,52,22],"product_tag":[],"class_list":{"0":"post-2254","1":"product","2":"type-product","3":"status-publish","4":"has-post-thumbnail","6":"product_cat-dresy","7":"product_cat-mecz","8":"product_cat-tre","10":"first","11":"instock","12":"taxable","13":"shipping-taxable","14":"purchasable","15":"product-type-variable"},"jetpack_sharing_enabled":true,"_links":{"self":[{"href":"http:\/\/sesto.sklep.pl\/index.php\/wp-json\/wp\/v2\/product\/2254","targetHints":{"allow":["GET"]}}],"collection":[{"href":"http:\/\/sesto.sklep.pl\/index.php\/wp-json\/wp\/v2\/product"}],"about":[{"href":"http:\/\/sesto.sklep.pl\/index.php\/wp-json\/wp\/v2\/types\/product"}],"replies":[{"embeddable":true,"href":"http:\/\/sesto.sklep.pl\/index.php\/wp-json\/wp\/v2\/comments?post=2254"}],"version-history":[{"count":5,"href":"http:\/\/sesto.sklep.pl\/index.php\/wp-json\/wp\/v2\/product\/2254\/revisions"}],"predecessor-version":[{"id":3626,"href":"http:\/\/sesto.sklep.pl\/index.php\/wp-json\/wp\/v2\/product\/2254\/revisions\/3626"}],"wp:featuredmedia":[{"embeddable":true,"href":"http:\/\/sesto.sklep.pl\/index.php\/wp-json\/wp\/v2\/media\/3590"}],"wp:attachment":[{"href":"http:\/\/sesto.sklep.pl\/index.php\/wp-json\/wp\/v2\/media?parent=2254"}],"wp:term":[{"taxonomy":"product_brand","embeddable":true,"href":"http:\/\/sesto.sklep.pl\/index.php\/wp-json\/wp\/v2\/product_brand?post=2254"},{"taxonomy":"product_cat","embeddable":true,"href":"http:\/\/sesto.sklep.pl\/index.php\/wp-json\/wp\/v2\/product_cat?post=2254"},{"taxonomy":"product_tag","embeddable":true,"href":"http:\/\/sesto.sklep.pl\/index.php\/wp-json\/wp\/v2\/product_tag?post=2254"}],"curies":[{"name":"wp","href":"https:\/\/api.w.org\/{rel}","templated":true}]}}