{"id":1891,"date":"2022-11-27T18:38:52","date_gmt":"2022-11-27T17:38:52","guid":{"rendered":"https:\/\/sesto.sklep.pl\/?post_type=product&#038;p=1891"},"modified":"2025-03-01T16:22:57","modified_gmt":"2025-03-01T15:22:57","slug":"zestaw-zimowy-1","status":"publish","type":"product","link":"http:\/\/sesto.sklep.pl\/index.php\/produkt\/zestaw-zimowy-1\/","title":{"rendered":"Zestaw Zimowy Basic"},"content":{"rendered":"","protected":false},"excerpt":{"rendered":"<p>Czapka z herbem Twojej dru\u017cyny, idealna do trening\u00f3w w mro\u017ane dni! Czapki to r\u00f3wnie\u017c \u015bwietny gad\u017cet, kt\u00f3ry Twoja dru\u017cyna mo\u017ce przygotowa\u0107 dla kibic\u00f3w, sportowc\u00f3w i dzia\u0142aczy.<\/p>\n","protected":false},"featured_media":1889,"comment_status":"open","ping_status":"closed","template":"","meta":[],"product_brand":[],"product_cat":[74],"product_tag":[],"class_list":{"0":"post-1891","1":"product","2":"type-product","3":"status-publish","4":"has-post-thumbnail","6":"product_cat-zim","8":"first","9":"instock","10":"taxable","11":"shipping-taxable","12":"purchasable","13":"product-type-variable"},"jetpack_sharing_enabled":true,"_links":{"self":[{"href":"http:\/\/sesto.sklep.pl\/index.php\/wp-json\/wp\/v2\/product\/1891","targetHints":{"allow":["GET"]}}],"collection":[{"href":"http:\/\/sesto.sklep.pl\/index.php\/wp-json\/wp\/v2\/product"}],"about":[{"href":"http:\/\/sesto.sklep.pl\/index.php\/wp-json\/wp\/v2\/types\/product"}],"replies":[{"embeddable":true,"href":"http:\/\/sesto.sklep.pl\/index.php\/wp-json\/wp\/v2\/comments?post=1891"}],"version-history":[{"count":3,"href":"http:\/\/sesto.sklep.pl\/index.php\/wp-json\/wp\/v2\/product\/1891\/revisions"}],"predecessor-version":[{"id":3854,"href":"http:\/\/sesto.sklep.pl\/index.php\/wp-json\/wp\/v2\/product\/1891\/revisions\/3854"}],"wp:featuredmedia":[{"embeddable":true,"href":"http:\/\/sesto.sklep.pl\/index.php\/wp-json\/wp\/v2\/media\/1889"}],"wp:attachment":[{"href":"http:\/\/sesto.sklep.pl\/index.php\/wp-json\/wp\/v2\/media?parent=1891"}],"wp:term":[{"taxonomy":"product_brand","embeddable":true,"href":"http:\/\/sesto.sklep.pl\/index.php\/wp-json\/wp\/v2\/product_brand?post=1891"},{"taxonomy":"product_cat","embeddable":true,"href":"http:\/\/sesto.sklep.pl\/index.php\/wp-json\/wp\/v2\/product_cat?post=1891"},{"taxonomy":"product_tag","embeddable":true,"href":"http:\/\/sesto.sklep.pl\/index.php\/wp-json\/wp\/v2\/product_tag?post=1891"}],"curies":[{"name":"wp","href":"https:\/\/api.w.org\/{rel}","templated":true}]}}