{"id":1394,"date":"2022-06-09T00:53:00","date_gmt":"2022-06-08T22:53:00","guid":{"rendered":"http:\/\/sesto.sklep.pl\/?post_type=product&#038;p=1394"},"modified":"2025-03-18T09:25:08","modified_gmt":"2025-03-18T08:25:08","slug":"zestaw-obozowy-1","status":"publish","type":"product","link":"http:\/\/sesto.sklep.pl\/index.php\/produkt\/zestaw-obozowy-1\/","title":{"rendered":"Zestaw obozowy 1"},"content":{"rendered":"<p><span id=\"MainContent_vDescription\">Koszulka techniczna Sublimowana<br \/>\n<\/span><\/p>\n<ul>\n<li><span id=\"MainContent_vDescription\">Okr\u0105g\u0142y ko\u0142nierzyk z krytymi szwami.<br \/>\n<\/span><\/li>\n<li><span id=\"MainContent_vDescription\">Boczne przeszycia wyko\u0144czone nitk\u0105 w kolorze tkaniny.<\/span> <span id=\"MainContent_vDescriptionSEO\"><br \/>\n<\/span><\/li>\n<\/ul>\n<p>Koszulka polo<\/p>\n<ul>\n<li><span id=\"MainContent_vDescription\">Zapi\u0119cie z trzema guzikami<\/span><\/li>\n<li><span id=\"MainContent_vDescription\"> Pr\u0105\u017ckowany ko\u0142nierzyk i mankiety. <\/span><\/li>\n<li><span id=\"MainContent_vDescription\">Wzmocnione kryte szwy przy ko\u0142nierzyku.<\/span><\/li>\n<\/ul>\n<p>Worek sportowy<\/p>\n<ul>\n<li>regulowane i wytrzyma\u0142e sznurki<\/li>\n<li>indywidualna grafika<\/li>\n<\/ul>\n","protected":false},"excerpt":{"rendered":"<p><span id=\"MainContent_vDescriptionSEO\">Zestaw polo, koszulki, oraz worka na buty, \u0142\u0105czy nie tylko funkcjonalno\u015b\u0107 ale i odpowiedni wygl\u0105d.<\/span><\/p>\n","protected":false},"featured_media":4270,"comment_status":"open","ping_status":"closed","template":"","meta":[],"product_brand":[],"product_cat":[64],"product_tag":[],"class_list":{"0":"post-1394","1":"product","2":"type-product","3":"status-publish","4":"has-post-thumbnail","6":"product_cat-zob","8":"first","9":"instock","10":"taxable","11":"shipping-taxable","12":"purchasable","13":"product-type-variable"},"jetpack_sharing_enabled":true,"_links":{"self":[{"href":"http:\/\/sesto.sklep.pl\/index.php\/wp-json\/wp\/v2\/product\/1394","targetHints":{"allow":["GET"]}}],"collection":[{"href":"http:\/\/sesto.sklep.pl\/index.php\/wp-json\/wp\/v2\/product"}],"about":[{"href":"http:\/\/sesto.sklep.pl\/index.php\/wp-json\/wp\/v2\/types\/product"}],"replies":[{"embeddable":true,"href":"http:\/\/sesto.sklep.pl\/index.php\/wp-json\/wp\/v2\/comments?post=1394"}],"version-history":[{"count":4,"href":"http:\/\/sesto.sklep.pl\/index.php\/wp-json\/wp\/v2\/product\/1394\/revisions"}],"predecessor-version":[{"id":4271,"href":"http:\/\/sesto.sklep.pl\/index.php\/wp-json\/wp\/v2\/product\/1394\/revisions\/4271"}],"wp:featuredmedia":[{"embeddable":true,"href":"http:\/\/sesto.sklep.pl\/index.php\/wp-json\/wp\/v2\/media\/4270"}],"wp:attachment":[{"href":"http:\/\/sesto.sklep.pl\/index.php\/wp-json\/wp\/v2\/media?parent=1394"}],"wp:term":[{"taxonomy":"product_brand","embeddable":true,"href":"http:\/\/sesto.sklep.pl\/index.php\/wp-json\/wp\/v2\/product_brand?post=1394"},{"taxonomy":"product_cat","embeddable":true,"href":"http:\/\/sesto.sklep.pl\/index.php\/wp-json\/wp\/v2\/product_cat?post=1394"},{"taxonomy":"product_tag","embeddable":true,"href":"http:\/\/sesto.sklep.pl\/index.php\/wp-json\/wp\/v2\/product_tag?post=1394"}],"curies":[{"name":"wp","href":"https:\/\/api.w.org\/{rel}","templated":true}]}}